{"id":1091,"date":"2015-10-10T13:40:58","date_gmt":"2015-10-10T12:40:58","guid":{"rendered":"http:\/\/www.zylannprods.fr\/fr\/?page_id=1091"},"modified":"2015-10-10T13:46:29","modified_gmt":"2015-10-10T12:46:29","slug":"1287-2","status":"publish","type":"page","link":"https:\/\/www.zylannprods.fr\/fr\/fictions-audio\/coproductions\/1287-2\/","title":{"rendered":"1287"},"content":{"rendered":"<p><a title=\"1287 - site de la saga\" href=\"http:\/\/1287.aerrond.com\/\"><img loading=\"lazy\" class=\"size-full wp-image-1090 aligncenter\" style=\"border: none;\" alt=\"bandef33\" src=\"https:\/\/www.zylannprods.fr\/fr\/wp-content\/uploads\/2015\/10\/bandef33.png\" width=\"532\" height=\"165\" srcset=\"https:\/\/www.zylannprods.fr\/fr\/wp-content\/uploads\/2015\/10\/bandef33.png 532w, https:\/\/www.zylannprods.fr\/fr\/wp-content\/uploads\/2015\/10\/bandef33-300x93.png 300w\" sizes=\"(max-width: 532px) 100vw, 532px\" \/><\/a><\/p>\n<p>1287 est une saga m\u00e9di\u00e9vale r\u00e9alis\u00e9e en collaboration avec <a title=\"Site de Mathieu Quintin, co-createur\" href=\"http:\/\/aerrond.com\/\" target=\"http:\/\/1287.aerrond.com\/\">Aerrond Productions<\/a>.<br \/>\nL&rsquo;histoire se d\u00e9roule dans la France du XIIIe si\u00e8cle et s\u2019inspire de faits historiques r\u00e9els autour du r\u00e8gne de Philippe IV \u00ab Le Bel \u00bb.<br \/>\n<a title=\"1287 - site de la saga\" href=\"http:\/\/1287.aerrond.com\/\" target=\"_blank\">&gt;&gt; Site de 1287<\/a><\/p>\n","protected":false},"excerpt":{"rendered":"<p>1287 est une saga m\u00e9di\u00e9vale r\u00e9alis\u00e9e en collaboration avec Aerrond Productions. L&rsquo;histoire se d\u00e9roule dans la France du XIIIe si\u00e8cle<\/p>\n","protected":false},"author":1,"featured_media":0,"parent":41,"menu_order":0,"comment_status":"open","ping_status":"open","template":"page-withcomments.php","meta":[],"_links":{"self":[{"href":"https:\/\/www.zylannprods.fr\/fr\/wp-json\/wp\/v2\/pages\/1091"}],"collection":[{"href":"https:\/\/www.zylannprods.fr\/fr\/wp-json\/wp\/v2\/pages"}],"about":[{"href":"https:\/\/www.zylannprods.fr\/fr\/wp-json\/wp\/v2\/types\/page"}],"author":[{"embeddable":true,"href":"https:\/\/www.zylannprods.fr\/fr\/wp-json\/wp\/v2\/users\/1"}],"replies":[{"embeddable":true,"href":"https:\/\/www.zylannprods.fr\/fr\/wp-json\/wp\/v2\/comments?post=1091"}],"version-history":[{"count":5,"href":"https:\/\/www.zylannprods.fr\/fr\/wp-json\/wp\/v2\/pages\/1091\/revisions"}],"predecessor-version":[{"id":1093,"href":"https:\/\/www.zylannprods.fr\/fr\/wp-json\/wp\/v2\/pages\/1091\/revisions\/1093"}],"up":[{"embeddable":true,"href":"https:\/\/www.zylannprods.fr\/fr\/wp-json\/wp\/v2\/pages\/41"}],"wp:attachment":[{"href":"https:\/\/www.zylannprods.fr\/fr\/wp-json\/wp\/v2\/media?parent=1091"}],"curies":[{"name":"wp","href":"https:\/\/api.w.org\/{rel}","templated":true}]}}