{"id":1657,"date":"2025-12-28T15:05:48","date_gmt":"2025-12-28T14:05:48","guid":{"rendered":"https:\/\/www.zylannprods.fr\/fr\/?page_id=1657"},"modified":"2025-12-28T15:05:48","modified_gmt":"2025-12-28T14:05:48","slug":"braquage","status":"publish","type":"page","link":"https:\/\/www.zylannprods.fr\/fr\/video\/braquage\/","title":{"rendered":"Braquage"},"content":{"rendered":"<p>Sorti le 29\/11\/2006.<br \/>\nUn film dans lequel le h\u00e9ros poursuit des braqueurs de banque, avec des r\u00e9f\u00e9rences ind\u00e9niables \u00e0 Matrix, et la d\u00e9couverte d&rsquo;une nouvelle technique pour faire la bagarre entre deux Lego. Bon, en vrai j&rsquo;ai \u00e9t\u00e9 un peu feignant sur ce coup la.<\/p>\n<div style=\"width: 640px;\" class=\"wp-video\"><!--[if lt IE 9]><script>document.createElement('video');<\/script><![endif]-->\n<video class=\"wp-video-shortcode\" id=\"video-1657-1\" width=\"640\" height=\"360\" preload=\"metadata\" controls=\"controls\"><source type=\"video\/webm\" src=\"https:\/\/zylannprods.fr\/movies\/brickfilms\/braquage.webm?_=1\" \/><a href=\"https:\/\/zylannprods.fr\/movies\/brickfilms\/braquage.webm\">https:\/\/zylannprods.fr\/movies\/brickfilms\/braquage.webm<\/a><\/video><\/div>\n","protected":false},"excerpt":{"rendered":"<p>Sorti le 29\/11\/2006. Un film dans lequel le h\u00e9ros poursuit des braqueurs de banque, avec des r\u00e9f\u00e9rences ind\u00e9niables \u00e0 Matrix,<\/p>\n","protected":false},"author":1,"featured_media":0,"parent":20,"menu_order":0,"comment_status":"closed","ping_status":"closed","template":"","meta":[],"_links":{"self":[{"href":"https:\/\/www.zylannprods.fr\/fr\/wp-json\/wp\/v2\/pages\/1657"}],"collection":[{"href":"https:\/\/www.zylannprods.fr\/fr\/wp-json\/wp\/v2\/pages"}],"about":[{"href":"https:\/\/www.zylannprods.fr\/fr\/wp-json\/wp\/v2\/types\/page"}],"author":[{"embeddable":true,"href":"https:\/\/www.zylannprods.fr\/fr\/wp-json\/wp\/v2\/users\/1"}],"replies":[{"embeddable":true,"href":"https:\/\/www.zylannprods.fr\/fr\/wp-json\/wp\/v2\/comments?post=1657"}],"version-history":[{"count":1,"href":"https:\/\/www.zylannprods.fr\/fr\/wp-json\/wp\/v2\/pages\/1657\/revisions"}],"predecessor-version":[{"id":1658,"href":"https:\/\/www.zylannprods.fr\/fr\/wp-json\/wp\/v2\/pages\/1657\/revisions\/1658"}],"up":[{"embeddable":true,"href":"https:\/\/www.zylannprods.fr\/fr\/wp-json\/wp\/v2\/pages\/20"}],"wp:attachment":[{"href":"https:\/\/www.zylannprods.fr\/fr\/wp-json\/wp\/v2\/media?parent=1657"}],"curies":[{"name":"wp","href":"https:\/\/api.w.org\/{rel}","templated":true}]}}