{"id":1659,"date":"2025-12-28T15:09:58","date_gmt":"2025-12-28T14:09:58","guid":{"rendered":"https:\/\/www.zylannprods.fr\/fr\/?page_id=1659"},"modified":"2025-12-28T15:46:42","modified_gmt":"2025-12-28T14:46:42","slug":"john-mission","status":"publish","type":"page","link":"https:\/\/www.zylannprods.fr\/fr\/video\/john-mission\/","title":{"rendered":"John Mission"},"content":{"rendered":"<p>Une s\u00e9rie polici\u00e8re ou l&rsquo;on suit un agent secret qui d\u00e9joue les plans de malfaiteurs. Encore une excuse pour faire des bastons, des effets, des courses-poursuites, d&rsquo;autres mises en sc\u00e8ne et surtout des musiques que j\u2019\u00e9coutais a l\u2019\u00e9poque.<\/p>\n<p>Note: pour une raison qui m&rsquo;echappe, Firefox a du mal a lire les videos de cette page, il lui faut un moment avant que ca marche. Ouvrir une video dans un nouvel onglet a l&rsquo;air d&rsquo;aider.<\/p>\n<h2>Episode 1: 18\/07\/2007<\/h2>\n<div style=\"width: 640px;\" class=\"wp-video\"><!--[if lt IE 9]><script>document.createElement('video');<\/script><![endif]-->\n<video class=\"wp-video-shortcode\" id=\"video-1659-1\" width=\"640\" height=\"360\" preload=\"metadata\" controls=\"controls\"><source type=\"video\/webm\" src=\"https:\/\/zylannprods.fr\/movies\/brickfilms\/john_mission_episode1.webm?_=1\" \/><a href=\"https:\/\/zylannprods.fr\/movies\/brickfilms\/john_mission_episode1.webm\">https:\/\/zylannprods.fr\/movies\/brickfilms\/john_mission_episode1.webm<\/a><\/video><\/div>\n<p>&nbsp;<\/p>\n<h2>Episode 2: 24\/07\/2007<\/h2>\n<div style=\"width: 640px;\" class=\"wp-video\"><video class=\"wp-video-shortcode\" id=\"video-1659-2\" width=\"640\" height=\"360\" preload=\"metadata\" controls=\"controls\"><source type=\"video\/webm\" src=\"https:\/\/zylannprods.fr\/movies\/brickfilms\/john_mission_episode2.webm?_=2\" \/><a href=\"https:\/\/zylannprods.fr\/movies\/brickfilms\/john_mission_episode2.webm\">https:\/\/zylannprods.fr\/movies\/brickfilms\/john_mission_episode2.webm<\/a><\/video><\/div>\n<p>&nbsp;<\/p>\n<h2>Episode 3: 30\/07\/2007<\/h2>\n<div style=\"width: 640px;\" class=\"wp-video\"><video class=\"wp-video-shortcode\" id=\"video-1659-3\" width=\"640\" height=\"360\" preload=\"metadata\" controls=\"controls\"><source type=\"video\/webm\" src=\"https:\/\/zylannprods.fr\/movies\/brickfilms\/john_mission_episode3.webm?_=3\" \/><a href=\"https:\/\/zylannprods.fr\/movies\/brickfilms\/john_mission_episode3.webm\">https:\/\/zylannprods.fr\/movies\/brickfilms\/john_mission_episode3.webm<\/a><\/video><\/div>\n<p>&nbsp;<\/p>\n<h2>Episode 4: 06\/07\/2007<\/h2>\n<div style=\"width: 640px;\" class=\"wp-video\"><video class=\"wp-video-shortcode\" id=\"video-1659-4\" width=\"640\" height=\"360\" preload=\"metadata\" controls=\"controls\"><source type=\"video\/webm\" src=\"https:\/\/zylannprods.fr\/movies\/brickfilms\/john_mission_episode4.webm?_=4\" \/><a href=\"https:\/\/zylannprods.fr\/movies\/brickfilms\/john_mission_episode4.webm\">https:\/\/zylannprods.fr\/movies\/brickfilms\/john_mission_episode4.webm<\/a><\/video><\/div>\n<p>&nbsp;<\/p>\n<h2>Episode 5: 03\/09\/2007<\/h2>\n<div style=\"width: 640px;\" class=\"wp-video\"><video class=\"wp-video-shortcode\" id=\"video-1659-5\" width=\"640\" height=\"360\" preload=\"metadata\" controls=\"controls\"><source type=\"video\/webm\" src=\"https:\/\/zylannprods.fr\/movies\/brickfilms\/john_mission_episode5.webm?_=5\" \/><a href=\"https:\/\/zylannprods.fr\/movies\/brickfilms\/john_mission_episode5.webm\">https:\/\/zylannprods.fr\/movies\/brickfilms\/john_mission_episode5.webm<\/a><\/video><\/div>\n<p>&nbsp;<\/p>\n<h2>Episode 6: 15\/09\/2007<\/h2>\n<div style=\"width: 640px;\" class=\"wp-video\"><video class=\"wp-video-shortcode\" id=\"video-1659-6\" width=\"640\" height=\"360\" preload=\"metadata\" controls=\"controls\"><source type=\"video\/webm\" src=\"https:\/\/zylannprods.fr\/movies\/brickfilms\/john_mission_episode6.webm?_=6\" \/><a href=\"https:\/\/zylannprods.fr\/movies\/brickfilms\/john_mission_episode6.webm\">https:\/\/zylannprods.fr\/movies\/brickfilms\/john_mission_episode6.webm<\/a><\/video><\/div>\n","protected":false},"excerpt":{"rendered":"<p>Une s\u00e9rie polici\u00e8re ou l&rsquo;on suit un agent secret qui d\u00e9joue les plans de malfaiteurs. Encore une excuse pour faire<\/p>\n","protected":false},"author":1,"featured_media":0,"parent":20,"menu_order":0,"comment_status":"closed","ping_status":"closed","template":"","meta":[],"_links":{"self":[{"href":"https:\/\/www.zylannprods.fr\/fr\/wp-json\/wp\/v2\/pages\/1659"}],"collection":[{"href":"https:\/\/www.zylannprods.fr\/fr\/wp-json\/wp\/v2\/pages"}],"about":[{"href":"https:\/\/www.zylannprods.fr\/fr\/wp-json\/wp\/v2\/types\/page"}],"author":[{"embeddable":true,"href":"https:\/\/www.zylannprods.fr\/fr\/wp-json\/wp\/v2\/users\/1"}],"replies":[{"embeddable":true,"href":"https:\/\/www.zylannprods.fr\/fr\/wp-json\/wp\/v2\/comments?post=1659"}],"version-history":[{"count":2,"href":"https:\/\/www.zylannprods.fr\/fr\/wp-json\/wp\/v2\/pages\/1659\/revisions"}],"predecessor-version":[{"id":1688,"href":"https:\/\/www.zylannprods.fr\/fr\/wp-json\/wp\/v2\/pages\/1659\/revisions\/1688"}],"up":[{"embeddable":true,"href":"https:\/\/www.zylannprods.fr\/fr\/wp-json\/wp\/v2\/pages\/20"}],"wp:attachment":[{"href":"https:\/\/www.zylannprods.fr\/fr\/wp-json\/wp\/v2\/media?parent=1659"}],"curies":[{"name":"wp","href":"https:\/\/api.w.org\/{rel}","templated":true}]}}