{"id":1667,"date":"2025-12-28T15:23:49","date_gmt":"2025-12-28T14:23:49","guid":{"rendered":"https:\/\/www.zylannprods.fr\/fr\/?page_id=1667"},"modified":"2025-12-28T15:23:49","modified_gmt":"2025-12-28T14:23:49","slug":"francois-perusse","status":"publish","type":"page","link":"https:\/\/www.zylannprods.fr\/fr\/video\/francois-perusse\/","title":{"rendered":"Fran\u00e7ois P\u00e9russe"},"content":{"rendered":"<p>J&rsquo;adorais <a href=\"https:\/\/fr.wikipedia.org\/wiki\/Fran%C3%A7ois_P%C3%A9russe\">Fran\u00e7ois P\u00e9russe<\/a>, l&rsquo;humoriste cr\u00e9ateur des 2 minutes du peuple, et ses voix trafiqu\u00e9es donnant un effet comique sans interruption. J&rsquo;ai donc r\u00e9alis\u00e9 ces brickfilms mettant en sc\u00e8ne ses sketches.<\/p>\n<h2>Bande annonce: 11\/03\/2007<\/h2>\n<p><div style=\"width: 640px;\" class=\"wp-video\"><!--[if lt IE 9]><script>document.createElement('video');<\/script><![endif]-->\n<video class=\"wp-video-shortcode\" id=\"video-1667-1\" width=\"640\" height=\"360\" preload=\"metadata\" controls=\"controls\"><source type=\"video\/webm\" src=\"https:\/\/zylannprods.fr\/movies\/brickfilms\/perusse_bande_annonce.webm?_=1\" \/><a href=\"https:\/\/zylannprods.fr\/movies\/brickfilms\/perusse_bande_annonce.webm\">https:\/\/zylannprods.fr\/movies\/brickfilms\/perusse_bande_annonce.webm<\/a><\/video><\/div><br \/>\n&nbsp;<\/p>\n<h2>Ca se dispute: 14\/05\/2008<\/h2>\n<p><div style=\"width: 640px;\" class=\"wp-video\"><video class=\"wp-video-shortcode\" id=\"video-1667-2\" width=\"640\" height=\"360\" preload=\"metadata\" controls=\"controls\"><source type=\"video\/webm\" src=\"https:\/\/zylannprods.fr\/movies\/brickfilms\/perusse_ca_se_dispute.webm?_=2\" \/><a href=\"https:\/\/zylannprods.fr\/movies\/brickfilms\/perusse_ca_se_dispute.webm\">https:\/\/zylannprods.fr\/movies\/brickfilms\/perusse_ca_se_dispute.webm<\/a><\/video><\/div><br \/>\n&nbsp;<\/p>\n","protected":false},"excerpt":{"rendered":"<p>J&rsquo;adorais Fran\u00e7ois P\u00e9russe, l&rsquo;humoriste cr\u00e9ateur des 2 minutes du peuple, et ses voix trafiqu\u00e9es donnant un effet comique sans interruption.<\/p>\n","protected":false},"author":1,"featured_media":0,"parent":20,"menu_order":0,"comment_status":"closed","ping_status":"closed","template":"","meta":[],"_links":{"self":[{"href":"https:\/\/www.zylannprods.fr\/fr\/wp-json\/wp\/v2\/pages\/1667"}],"collection":[{"href":"https:\/\/www.zylannprods.fr\/fr\/wp-json\/wp\/v2\/pages"}],"about":[{"href":"https:\/\/www.zylannprods.fr\/fr\/wp-json\/wp\/v2\/types\/page"}],"author":[{"embeddable":true,"href":"https:\/\/www.zylannprods.fr\/fr\/wp-json\/wp\/v2\/users\/1"}],"replies":[{"embeddable":true,"href":"https:\/\/www.zylannprods.fr\/fr\/wp-json\/wp\/v2\/comments?post=1667"}],"version-history":[{"count":1,"href":"https:\/\/www.zylannprods.fr\/fr\/wp-json\/wp\/v2\/pages\/1667\/revisions"}],"predecessor-version":[{"id":1668,"href":"https:\/\/www.zylannprods.fr\/fr\/wp-json\/wp\/v2\/pages\/1667\/revisions\/1668"}],"up":[{"embeddable":true,"href":"https:\/\/www.zylannprods.fr\/fr\/wp-json\/wp\/v2\/pages\/20"}],"wp:attachment":[{"href":"https:\/\/www.zylannprods.fr\/fr\/wp-json\/wp\/v2\/media?parent=1667"}],"curies":[{"name":"wp","href":"https:\/\/api.w.org\/{rel}","templated":true}]}}