{"id":1669,"date":"2025-12-28T15:26:00","date_gmt":"2025-12-28T14:26:00","guid":{"rendered":"https:\/\/www.zylannprods.fr\/fr\/?page_id=1669"},"modified":"2025-12-28T15:51:19","modified_gmt":"2025-12-28T14:51:19","slug":"professeur-legolio","status":"publish","type":"page","link":"https:\/\/www.zylannprods.fr\/fr\/video\/professeur-legolio\/","title":{"rendered":"Professeur Legolio"},"content":{"rendered":"<p>Sorti le 13\/05\/2007<br \/>\nUn brickfilm qui aurait du \u00eatre une s\u00e9rie, ou l&rsquo;on suit le professeur Legolio dans une \u00e9mission sur les m\u00e9tiers de la vie de tous les jours. Ici, on y d\u00e9couvre les masseurs kin\u00e9sith\u00e9rapeutes.<\/p>\n<div style=\"width: 640px;\" class=\"wp-video\"><!--[if lt IE 9]><script>document.createElement('video');<\/script><![endif]-->\n<video class=\"wp-video-shortcode\" id=\"video-1669-1\" width=\"640\" height=\"360\" preload=\"metadata\" controls=\"controls\"><source type=\"video\/webm\" src=\"https:\/\/zylannprods.fr\/movies\/brickfilms\/professeur_legolio_massage.webm?_=1\" \/><a href=\"https:\/\/zylannprods.fr\/movies\/brickfilms\/professeur_legolio_massage.webm\">https:\/\/zylannprods.fr\/movies\/brickfilms\/professeur_legolio_massage.webm<\/a><\/video><\/div>\n","protected":false},"excerpt":{"rendered":"<p>Sorti le 13\/05\/2007 Un brickfilm qui aurait du \u00eatre une s\u00e9rie, ou l&rsquo;on suit le professeur Legolio dans une \u00e9mission<\/p>\n","protected":false},"author":1,"featured_media":0,"parent":20,"menu_order":0,"comment_status":"closed","ping_status":"closed","template":"","meta":[],"_links":{"self":[{"href":"https:\/\/www.zylannprods.fr\/fr\/wp-json\/wp\/v2\/pages\/1669"}],"collection":[{"href":"https:\/\/www.zylannprods.fr\/fr\/wp-json\/wp\/v2\/pages"}],"about":[{"href":"https:\/\/www.zylannprods.fr\/fr\/wp-json\/wp\/v2\/types\/page"}],"author":[{"embeddable":true,"href":"https:\/\/www.zylannprods.fr\/fr\/wp-json\/wp\/v2\/users\/1"}],"replies":[{"embeddable":true,"href":"https:\/\/www.zylannprods.fr\/fr\/wp-json\/wp\/v2\/comments?post=1669"}],"version-history":[{"count":2,"href":"https:\/\/www.zylannprods.fr\/fr\/wp-json\/wp\/v2\/pages\/1669\/revisions"}],"predecessor-version":[{"id":1689,"href":"https:\/\/www.zylannprods.fr\/fr\/wp-json\/wp\/v2\/pages\/1669\/revisions\/1689"}],"up":[{"embeddable":true,"href":"https:\/\/www.zylannprods.fr\/fr\/wp-json\/wp\/v2\/pages\/20"}],"wp:attachment":[{"href":"https:\/\/www.zylannprods.fr\/fr\/wp-json\/wp\/v2\/media?parent=1669"}],"curies":[{"name":"wp","href":"https:\/\/api.w.org\/{rel}","templated":true}]}}