{"id":1673,"date":"2025-12-28T15:36:33","date_gmt":"2025-12-28T14:36:33","guid":{"rendered":"https:\/\/www.zylannprods.fr\/fr\/?page_id=1673"},"modified":"2025-12-28T15:36:33","modified_gmt":"2025-12-28T14:36:33","slug":"sentry-wars","status":"publish","type":"page","link":"https:\/\/www.zylannprods.fr\/fr\/video\/sentry-wars\/","title":{"rendered":"Sentry Wars"},"content":{"rendered":"<p>Cette trilogie est largement inspir\u00e9e de Star Wars, et tente (difficilement) de mettre en sc\u00e8ne des histoires prenant place dans une \u00ab\u00a0base\u00a0\u00bb Lego, une sorte de m\u00e9ga ville qui se construisait au fur et a mesure en jouant avec mes fr\u00e8res.<br \/>\nIl faut le dire, c&rsquo;est \u00e9clat\u00e9 au sol, vraiment pas ouf xD Les voix rajout\u00e9es plus tard sur l\u2019\u00e9pisode 1 et 2 tentent de tourner la chose en d\u00e9rision, mais on voit que j&rsquo;avais \u00e9norm\u00e9ment de progr\u00e8s a faire tant niveau scenario que techniquement. J&rsquo;ai n\u00e9anmoins pers\u00e9v\u00e9r\u00e9, et on notera quelques am\u00e9liorations au fil des ann\u00e9es.<br \/>\n&nbsp;<\/p>\n<h2>Episode 1: 05\/07\/2006<\/h2>\n<p><div style=\"width: 640px;\" class=\"wp-video\"><!--[if lt IE 9]><script>document.createElement('video');<\/script><![endif]-->\n<video class=\"wp-video-shortcode\" id=\"video-1673-1\" width=\"640\" height=\"360\" preload=\"metadata\" controls=\"controls\"><source type=\"video\/webm\" src=\"https:\/\/zylannprods.fr\/movies\/brickfilms\/sentrywars_episode1.webm?_=1\" \/><a href=\"https:\/\/zylannprods.fr\/movies\/brickfilms\/sentrywars_episode1.webm\">https:\/\/zylannprods.fr\/movies\/brickfilms\/sentrywars_episode1.webm<\/a><\/video><\/div><br \/>\n&nbsp;<\/p>\n<h2>Episode 2: 16\/08\/2006<\/h2>\n<p><div style=\"width: 640px;\" class=\"wp-video\"><video class=\"wp-video-shortcode\" id=\"video-1673-2\" width=\"640\" height=\"360\" preload=\"metadata\" controls=\"controls\"><source type=\"video\/webm\" src=\"https:\/\/zylannprods.fr\/movies\/brickfilms\/sentrywars_episode2.webm?_=2\" \/><a href=\"https:\/\/zylannprods.fr\/movies\/brickfilms\/sentrywars_episode2.webm\">https:\/\/zylannprods.fr\/movies\/brickfilms\/sentrywars_episode2.webm<\/a><\/video><\/div><br \/>\n&nbsp;<\/p>\n<h2>Episode 3: 14\/04\/2007<\/h2>\n<p><div style=\"width: 640px;\" class=\"wp-video\"><video class=\"wp-video-shortcode\" id=\"video-1673-3\" width=\"640\" height=\"360\" preload=\"metadata\" controls=\"controls\"><source type=\"video\/webm\" src=\"https:\/\/zylannprods.fr\/movies\/brickfilms\/sentrywars_episode3.webm?_=3\" \/><a href=\"https:\/\/zylannprods.fr\/movies\/brickfilms\/sentrywars_episode3.webm\">https:\/\/zylannprods.fr\/movies\/brickfilms\/sentrywars_episode3.webm<\/a><\/video><\/div><br \/>\n&nbsp;<\/p>\n","protected":false},"excerpt":{"rendered":"<p>Cette trilogie est largement inspir\u00e9e de Star Wars, et tente (difficilement) de mettre en sc\u00e8ne des histoires prenant place dans<\/p>\n","protected":false},"author":1,"featured_media":0,"parent":20,"menu_order":0,"comment_status":"closed","ping_status":"closed","template":"","meta":[],"_links":{"self":[{"href":"https:\/\/www.zylannprods.fr\/fr\/wp-json\/wp\/v2\/pages\/1673"}],"collection":[{"href":"https:\/\/www.zylannprods.fr\/fr\/wp-json\/wp\/v2\/pages"}],"about":[{"href":"https:\/\/www.zylannprods.fr\/fr\/wp-json\/wp\/v2\/types\/page"}],"author":[{"embeddable":true,"href":"https:\/\/www.zylannprods.fr\/fr\/wp-json\/wp\/v2\/users\/1"}],"replies":[{"embeddable":true,"href":"https:\/\/www.zylannprods.fr\/fr\/wp-json\/wp\/v2\/comments?post=1673"}],"version-history":[{"count":1,"href":"https:\/\/www.zylannprods.fr\/fr\/wp-json\/wp\/v2\/pages\/1673\/revisions"}],"predecessor-version":[{"id":1674,"href":"https:\/\/www.zylannprods.fr\/fr\/wp-json\/wp\/v2\/pages\/1673\/revisions\/1674"}],"up":[{"embeddable":true,"href":"https:\/\/www.zylannprods.fr\/fr\/wp-json\/wp\/v2\/pages\/20"}],"wp:attachment":[{"href":"https:\/\/www.zylannprods.fr\/fr\/wp-json\/wp\/v2\/media?parent=1673"}],"curies":[{"name":"wp","href":"https:\/\/api.w.org\/{rel}","templated":true}]}}