{"id":17,"date":"2013-02-28T01:34:36","date_gmt":"2013-02-28T00:34:36","guid":{"rendered":"http:\/\/www.zylannprods.fr\/fr\/?page_id=17"},"modified":"2013-04-06T00:15:40","modified_gmt":"2013-04-05T23:15:40","slug":"musique","status":"publish","type":"page","link":"https:\/\/www.zylannprods.fr\/fr\/musique\/","title":{"rendered":"Musique"},"content":{"rendered":"<p><a title=\"Milhana \u2013 OST\" href=\"https:\/\/www.zylannprods.fr\/fr\/?page_id=45\">Milhana OST <\/a>: la bande originale de ma saga audio Milhana<br \/>\n<a title=\"Project\" href=\"https:\/\/www.zylannprods.fr\/fr\/?page_id=47\">Project<\/a> : un album de musique \u00e9l\u00e9ctronique en cours de cr\u00e9ation<br \/>\n<a title=\"Musique de jeu\" href=\"https:\/\/www.zylannprods.fr\/fr\/?page_id=196\">Musique de jeu<\/a> : des musiques que j&rsquo;ai compos\u00e9es \u00e0 partir de \/ pour des jeux vid\u00e9o<\/p>\n<p>&nbsp;<\/p>\n","protected":false},"excerpt":{"rendered":"<p>Milhana OST : la bande originale de ma saga audio Milhana Project : un album de musique \u00e9l\u00e9ctronique en cours<\/p>\n","protected":false},"author":1,"featured_media":0,"parent":0,"menu_order":3,"comment_status":"open","ping_status":"open","template":"","meta":[],"_links":{"self":[{"href":"https:\/\/www.zylannprods.fr\/fr\/wp-json\/wp\/v2\/pages\/17"}],"collection":[{"href":"https:\/\/www.zylannprods.fr\/fr\/wp-json\/wp\/v2\/pages"}],"about":[{"href":"https:\/\/www.zylannprods.fr\/fr\/wp-json\/wp\/v2\/types\/page"}],"author":[{"embeddable":true,"href":"https:\/\/www.zylannprods.fr\/fr\/wp-json\/wp\/v2\/users\/1"}],"replies":[{"embeddable":true,"href":"https:\/\/www.zylannprods.fr\/fr\/wp-json\/wp\/v2\/comments?post=17"}],"version-history":[{"count":7,"href":"https:\/\/www.zylannprods.fr\/fr\/wp-json\/wp\/v2\/pages\/17\/revisions"}],"predecessor-version":[{"id":201,"href":"https:\/\/www.zylannprods.fr\/fr\/wp-json\/wp\/v2\/pages\/17\/revisions\/201"}],"wp:attachment":[{"href":"https:\/\/www.zylannprods.fr\/fr\/wp-json\/wp\/v2\/media?parent=17"}],"curies":[{"name":"wp","href":"https:\/\/api.w.org\/{rel}","templated":true}]}}