{"id":196,"date":"2013-04-06T00:10:07","date_gmt":"2013-04-05T23:10:07","guid":{"rendered":"http:\/\/www.zylannprods.fr\/fr\/?page_id=196"},"modified":"2013-04-06T00:13:41","modified_gmt":"2013-04-05T23:13:41","slug":"game-audio","status":"publish","type":"page","link":"https:\/\/www.zylannprods.fr\/fr\/musique\/game-audio\/","title":{"rendered":"Musique de jeu"},"content":{"rendered":"<p>J&rsquo;ai compos\u00e9 ces musiques pour des jeux vid\u00e9o, ou \u00e0 partir de musiques existantes dont j&rsquo;ai repris des th\u00e8mes.<\/p>\n<p><iframe loading=\"lazy\" src=\"https:\/\/w.soundcloud.com\/player\/?url=http%3A%2F%2Fapi.soundcloud.com%2Fplaylists%2F4382607&amp;color=ff6600&amp;auto_play=false&amp;show_artwork=true\" height=\"450\" width=\"100%\" frameborder=\"no\" scrolling=\"no\"><\/iframe><\/p>\n","protected":false},"excerpt":{"rendered":"<p>J&rsquo;ai compos\u00e9 ces musiques pour des jeux vid\u00e9o, ou \u00e0 partir de musiques existantes dont j&rsquo;ai repris des th\u00e8mes.<\/p>\n","protected":false},"author":1,"featured_media":0,"parent":17,"menu_order":3,"comment_status":"open","ping_status":"open","template":"","meta":[],"_links":{"self":[{"href":"https:\/\/www.zylannprods.fr\/fr\/wp-json\/wp\/v2\/pages\/196"}],"collection":[{"href":"https:\/\/www.zylannprods.fr\/fr\/wp-json\/wp\/v2\/pages"}],"about":[{"href":"https:\/\/www.zylannprods.fr\/fr\/wp-json\/wp\/v2\/types\/page"}],"author":[{"embeddable":true,"href":"https:\/\/www.zylannprods.fr\/fr\/wp-json\/wp\/v2\/users\/1"}],"replies":[{"embeddable":true,"href":"https:\/\/www.zylannprods.fr\/fr\/wp-json\/wp\/v2\/comments?post=196"}],"version-history":[{"count":4,"href":"https:\/\/www.zylannprods.fr\/fr\/wp-json\/wp\/v2\/pages\/196\/revisions"}],"predecessor-version":[{"id":198,"href":"https:\/\/www.zylannprods.fr\/fr\/wp-json\/wp\/v2\/pages\/196\/revisions\/198"}],"up":[{"embeddable":true,"href":"https:\/\/www.zylannprods.fr\/fr\/wp-json\/wp\/v2\/pages\/17"}],"wp:attachment":[{"href":"https:\/\/www.zylannprods.fr\/fr\/wp-json\/wp\/v2\/media?parent=196"}],"curies":[{"name":"wp","href":"https:\/\/api.w.org\/{rel}","templated":true}]}}