{"id":20,"date":"2013-02-28T01:35:57","date_gmt":"2013-02-28T00:35:57","guid":{"rendered":"http:\/\/www.zylannprods.fr\/fr\/?page_id=20"},"modified":"2025-12-28T15:56:45","modified_gmt":"2025-12-28T14:56:45","slug":"video","status":"publish","type":"page","link":"https:\/\/www.zylannprods.fr\/fr\/video\/","title":{"rendered":"Animation"},"content":{"rendered":"<p>Cette section regroupe tous les films d&rsquo;animation en LEGO que j&rsquo;ai r\u00e9alis\u00e9s avant d&rsquo;entrer \u00e0 l&rsquo;IUT en 2009. C\u2019\u00e9tait une autre \u00e9poque, o\u00f9 je me faisais les dents sur l\u2019\u00e9criture de scenario, le montage audio et vid\u00e9o, ou la mise en sc\u00e8ne&#8230; la qualit\u00e9 varie beaucoup et il y a eu beaucoup de progr\u00e8s depuis \ud83d\ude42<\/p>\n<p>J&rsquo;ai r\u00e9alis\u00e9 ces films sous le pseudo marcf3 (avant que je ne me renomme Zylann aux alentours de 2009-2010), et sous le studio fictif \u00ab\u00a0Eventis Productions\u00a0\u00bb, que je n&rsquo;utilise plus depuis, remplace par simplement Zylann Productions.<\/p>\n<p>Explorez le menu \u00ab\u00a0Animation\u00a0\u00bb pour voir les vid\u00e9os.<\/p>\n","protected":false},"excerpt":{"rendered":"<p>Cette section regroupe tous les films d&rsquo;animation en LEGO que j&rsquo;ai r\u00e9alis\u00e9s avant d&rsquo;entrer \u00e0 l&rsquo;IUT en 2009. C\u2019\u00e9tait une<\/p>\n","protected":false},"author":1,"featured_media":0,"parent":0,"menu_order":4,"comment_status":"open","ping_status":"open","template":"","meta":[],"_links":{"self":[{"href":"https:\/\/www.zylannprods.fr\/fr\/wp-json\/wp\/v2\/pages\/20"}],"collection":[{"href":"https:\/\/www.zylannprods.fr\/fr\/wp-json\/wp\/v2\/pages"}],"about":[{"href":"https:\/\/www.zylannprods.fr\/fr\/wp-json\/wp\/v2\/types\/page"}],"author":[{"embeddable":true,"href":"https:\/\/www.zylannprods.fr\/fr\/wp-json\/wp\/v2\/users\/1"}],"replies":[{"embeddable":true,"href":"https:\/\/www.zylannprods.fr\/fr\/wp-json\/wp\/v2\/comments?post=20"}],"version-history":[{"count":26,"href":"https:\/\/www.zylannprods.fr\/fr\/wp-json\/wp\/v2\/pages\/20\/revisions"}],"predecessor-version":[{"id":1691,"href":"https:\/\/www.zylannprods.fr\/fr\/wp-json\/wp\/v2\/pages\/20\/revisions\/1691"}],"wp:attachment":[{"href":"https:\/\/www.zylannprods.fr\/fr\/wp-json\/wp\/v2\/media?parent=20"}],"curies":[{"name":"wp","href":"https:\/\/api.w.org\/{rel}","templated":true}]}}