{"id":227,"date":"2013-05-01T00:10:51","date_gmt":"2013-04-30T23:10:51","guid":{"rendered":"http:\/\/www.zylannprods.fr\/fr\/?page_id=227"},"modified":"2013-11-19T13:39:15","modified_gmt":"2013-11-19T12:39:15","slug":"russian-blob","status":"publish","type":"page","link":"https:\/\/www.zylannprods.fr\/fr\/jeux-video\/game-jams-speed-dev\/russian-blob\/","title":{"rendered":"Russian Blob"},"content":{"rendered":"<p><img loading=\"lazy\" class=\"aligncenter\" alt=\"\" src=\"http:\/\/www.ludumdare.com\/compo\/wp-content\/compo2\/233892\/12772-shot0.JPG\" width=\"595\" height=\"446\" \/><br \/>\nRussian Blob est un jeu pour la GameBoyAdvance, r\u00e9alis\u00e9 en 3 jours pour la Ludum Dare 26 en avril 2013. Le th\u00e8me \u00e9tait \u00ab\u00a0Minimalisme\u00a0\u00bb.<br \/>\nPitch : vous contr\u00f4lez un blob capable de se diviser en plus petits blobs au cours de 3 niveaux successifs. Vous pouvez utiliser vos clones comme des plate-formes, mais attention aux dangers !<br \/>\nEntr\u00e9e Ludum Dare : <a href=\"http:\/\/www.ludumdare.com\/compo\/ludum-dare-26\/?action=preview&amp;uid=12772\" target=\"_blank\">http:\/\/www.ludumdare.com\/compo\/ludum-dare-26\/?action=preview&amp;uid=12772<\/a><\/p>\n<h2>T\u00e9l\u00e9charger<\/h2>\n<p><a title=\"Seulement le fichier .gba\" href=\"http:\/\/freeforall.fr\/russian_blob.zip\">ROM GBA<\/a> | <a title=\"Le fichier .gba et un \u00e9mulateur GameBoyAdvance pour jouer sur PC\" href=\"http:\/\/freeforall.fr\/russian_blob_and_emulator.zip\">ROM GBA + Emulateur (Windows)<\/a><\/p>\n<p>Lancez l&rsquo;\u00e9mulateur et d\u00e9placer le fichier .gba dessus.<br \/>\n(Ou utilisez le menu \u00ab\u00a0file\u00a0\u00bb).<\/p>\n<p><strong>Android : <\/strong>Vous pouvez t\u00e9l\u00e9charger l&rsquo;\u00e9mulateur Tiger GBA pour jouer sur votre smartphone : http:\/\/www.apps.tigerplay.info\/<br \/>\n<strong>Linux : <\/strong>Vous savez comment faire, n&rsquo;est-ce pas? \ud83d\ude42<br \/>\n<strong>Mac : <\/strong>Trouvez un \u00e9mulateur&#8230;<\/p>\n<p>Pour les Vrais: utilisez une carte Flash pour jouer sur une vraie Game Boy Advance !<\/p>\n<h2>Contr\u00f4les<\/h2>\n<p><strong>Croix directionnelle :<\/strong> Allez \u00e0 gauche o\u00f9 \u00e0 droite.<br \/>\n<strong>A:<\/strong> Sauter<br \/>\n<strong>R:<\/strong> Se diviser<br \/>\n<strong>L:<\/strong> Re-grossir<br \/>\n<strong>Select:<\/strong> recommencer depuis le dernier checkpoint (si vous \u00eates bloqu\u00e9)<br \/>\n<strong>Start:<\/strong> retour \u00e0 l&rsquo;\u00e9cran titre<\/p>\n<p>Note : vous devrez probablement configurer votre \u00e9mulateur pour lier les touches GBA au clavier<\/p>\n<h2>Notre \u00e9quipe<\/h2>\n<p><strong>Game et Level Design:<\/strong> <a href=\"http:\/\/fr.linkedin.com\/pub\/ahmed-majdoubi\/4b\/1b0\/595\" target=\"_blank\">Ahmed Majdoubi<\/a><br \/>\n<strong>Son et musique:<\/strong> <a href=\"http:\/\/www.linkedin.com\/pub\/swann-menage\/63\/461\/776\" target=\"_blank\">Swann Menage<\/a><br \/>\n<strong>Graphismes:<\/strong> <a href=\"http:\/\/miryam.houali.free.fr\/\">Miryam Houali<\/a><br \/>\n<strong>Programmation:<\/strong> <a href=\"http:\/\/www.zylannprods.fr\/\">Marc Gilleron<\/a> &amp; <a href=\"http:\/\/blog.freeforall.fr\/\" target=\"_blank\">Alexis Payen de la Garanderie<\/a><\/p>\n<h2>Code source<\/h2>\n<p>Vous pouvez t\u00e9l\u00e9charger le code source du jeu <a href=\"http:\/\/freeforall.fr\/russian_blob_source.zip\">en cliquant ici<\/a>.<br \/>\nPour compiler, voici les utils que nous avons utilis\u00e9:<br \/>\n&#8211; <a href=\"http:\/\/devkitadv.sourceforge.net\/\" target=\"_blank\">devkitadv <\/a>: compilateur ASM, C et C++<br \/>\n&#8211; Python 2.7 : pour lire les scripts de conversion de sons\/images\/niveaux.<br \/>\n&#8211; <a href=\"http:\/\/www.mapeditor.org\/\" target=\"_blank\">Tiled <\/a>: \u00e9diteur de niveaux<br \/>\n&#8211; <a href=\"http:\/\/www.coranac.com\/projects\/usenti\/\" target=\"_blank\">Usenti <\/a>: pixel-art adapt\u00e9 \u00e0 la GBA<br \/>\n&#8211; Audacity : pour convertir les sons en RAW 8bit PCM @32.768kHz<br \/>\nNote : le code est un peu sale \u00e0 cause du temps limit\u00e9 de d\u00e9veloppement :p<\/p>\n","protected":false},"excerpt":{"rendered":"<p>Russian Blob est un jeu pour la GameBoyAdvance, r\u00e9alis\u00e9 en 3 jours pour la Ludum Dare 26 en avril 2013.<\/p>\n","protected":false},"author":1,"featured_media":0,"parent":32,"menu_order":-1,"comment_status":"open","ping_status":"open","template":"page-withcomments.php","meta":[],"_links":{"self":[{"href":"https:\/\/www.zylannprods.fr\/fr\/wp-json\/wp\/v2\/pages\/227"}],"collection":[{"href":"https:\/\/www.zylannprods.fr\/fr\/wp-json\/wp\/v2\/pages"}],"about":[{"href":"https:\/\/www.zylannprods.fr\/fr\/wp-json\/wp\/v2\/types\/page"}],"author":[{"embeddable":true,"href":"https:\/\/www.zylannprods.fr\/fr\/wp-json\/wp\/v2\/users\/1"}],"replies":[{"embeddable":true,"href":"https:\/\/www.zylannprods.fr\/fr\/wp-json\/wp\/v2\/comments?post=227"}],"version-history":[{"count":8,"href":"https:\/\/www.zylannprods.fr\/fr\/wp-json\/wp\/v2\/pages\/227\/revisions"}],"predecessor-version":[{"id":703,"href":"https:\/\/www.zylannprods.fr\/fr\/wp-json\/wp\/v2\/pages\/227\/revisions\/703"}],"up":[{"embeddable":true,"href":"https:\/\/www.zylannprods.fr\/fr\/wp-json\/wp\/v2\/pages\/32"}],"wp:attachment":[{"href":"https:\/\/www.zylannprods.fr\/fr\/wp-json\/wp\/v2\/media?parent=227"}],"curies":[{"name":"wp","href":"https:\/\/api.w.org\/{rel}","templated":true}]}}