{"id":28,"date":"2013-03-01T03:43:25","date_gmt":"2013-03-01T02:43:25","guid":{"rendered":"http:\/\/www.zylannprods.fr\/fr\/?page_id=28"},"modified":"2013-05-26T16:19:05","modified_gmt":"2013-05-26T15:19:05","slug":"tevah","status":"publish","type":"page","link":"https:\/\/www.zylannprods.fr\/fr\/jeux-video\/tevah\/","title":{"rendered":"TEVAH"},"content":{"rendered":"<div>\n<p style=\"text-align: center;\"><em>Pr\u00eat \u00e0 envahir la Terre et transformer ses habitants en zombies?<\/em><br \/>\n<img loading=\"lazy\" alt=\"TEVAH title artwork\" src=\"http:\/\/zylannprods.fr\/games\/tevah\/tevah_banner_v2_800x600.png\" width=\"800\" height=\"600\" \/><\/p>\n<p><strong>TEVAH<\/strong> est un jeu que j&rsquo;ai d\u00e9velopp\u00e9 pendant un mois pour un concours, <a title=\"Site du Game \u00e0 Niaque\" href=\"http:\/\/www.gameaniaque.com\/\" target=\"_blank\">Game \u00e0 Niaque<\/a>, qui a eu lieu au <a title=\"Site du TGS\" href=\"http:\/\/www.toulouse-game-show.fr\/\" target=\"_blank\">Toulouse Game Show<\/a> 2012. J&rsquo;ai \u00e9t\u00e9 assist\u00e9 par Elizabeth Maler (<a title=\"Site de l'ENJMIN\" href=\"http:\/\/www.enjmin.fr\/\" target=\"_blank\">ENJMIN<\/a>) pour l&rsquo;ergonomie, ainsi que Wen Fan (<a title=\"Site de l'EMCA\" href=\"http:\/\/www.angouleme-emca.fr\/\" target=\"_blank\">EMCA<\/a>) qui a r\u00e9alis\u00e9 les dessins des cin\u00e9matiques. Le concours nous imposait un th\u00e8me, le virus, ainsi que quelques \u00e9l\u00e9ments \u00e0 int\u00e9grer. Le jeu a alors \u00e9t\u00e9 soumis \u00e0 un jury, mais a \u00e9galement \u00e9t\u00e9 jouable pendant le TGS dans le stand Game \u00e0 Niaque, avec tous les autres jeux participant au concours !<\/p>\n<p><strong>TEVAH<\/strong> est arriv\u00e9 2\u00e8me, et m\u00eame si je ne visait pas autant c&rsquo;est vraiment cool, parce que c&rsquo;est seulement mon second jeu \u00ab\u00a0jouable\u00a0\u00bb et beaucoup de personnes ont pu s&rsquo;amuser avec, m\u00eame hors-concours \ud83d\ude42 J&rsquo;ai donc pris le temps de l&rsquo;am\u00e9liorer un peu apr\u00e8s. Actuellement le d\u00e9veloppement du jeu est suspendu, mais une prochaine version ou s\u00e9quelle n&rsquo;est pas \u00e0 exclure \u00e0 l&rsquo;avenir !<\/p>\n<\/div>\n<h2><strong>Jouer !<br \/>\n<\/strong><\/h2>\n<div>Alpha 1.5.40 (anglais) : <a href=\"http:\/\/www.zylannprods.fr\/dl\/tevah-alpha-1-5-40-windows.zip\">Pour Windows<\/a><br \/>\nAlpha 1.4.51 : <a title=\"For Windows\" href=\"http:\/\/zylannprods.fr\/games\/tevah\/TEVAH-alpha-1-4-51.zip\">Pour Windows<\/a> ou <a href=\"http:\/\/zylannprods.fr\/games\/tevah\/tevah_macosx_1_4_51.zip\">MacOSX<\/a><br \/>\nVous aurez besoin de <a href=\"http:\/\/www.java.com\/en\/\">Java<\/a> pour lancer le jeu.<\/div>\n","protected":false},"excerpt":{"rendered":"<p>Pr\u00eat \u00e0 envahir la Terre et transformer ses habitants en zombies? TEVAH est un jeu que j&rsquo;ai d\u00e9velopp\u00e9 pendant un<\/p>\n","protected":false},"author":1,"featured_media":0,"parent":10,"menu_order":0,"comment_status":"open","ping_status":"open","template":"page-withcomments.php","meta":[],"_links":{"self":[{"href":"https:\/\/www.zylannprods.fr\/fr\/wp-json\/wp\/v2\/pages\/28"}],"collection":[{"href":"https:\/\/www.zylannprods.fr\/fr\/wp-json\/wp\/v2\/pages"}],"about":[{"href":"https:\/\/www.zylannprods.fr\/fr\/wp-json\/wp\/v2\/types\/page"}],"author":[{"embeddable":true,"href":"https:\/\/www.zylannprods.fr\/fr\/wp-json\/wp\/v2\/users\/1"}],"replies":[{"embeddable":true,"href":"https:\/\/www.zylannprods.fr\/fr\/wp-json\/wp\/v2\/comments?post=28"}],"version-history":[{"count":8,"href":"https:\/\/www.zylannprods.fr\/fr\/wp-json\/wp\/v2\/pages\/28\/revisions"}],"predecessor-version":[{"id":60,"href":"https:\/\/www.zylannprods.fr\/fr\/wp-json\/wp\/v2\/pages\/28\/revisions\/60"}],"up":[{"embeddable":true,"href":"https:\/\/www.zylannprods.fr\/fr\/wp-json\/wp\/v2\/pages\/10"}],"wp:attachment":[{"href":"https:\/\/www.zylannprods.fr\/fr\/wp-json\/wp\/v2\/media?parent=28"}],"curies":[{"name":"wp","href":"https:\/\/api.w.org\/{rel}","templated":true}]}}