{"id":32,"date":"2013-03-01T03:45:44","date_gmt":"2013-03-01T02:45:44","guid":{"rendered":"http:\/\/www.zylannprods.fr\/fr\/?page_id=32"},"modified":"2013-03-03T19:30:59","modified_gmt":"2013-03-03T18:30:59","slug":"game-jams-speed-dev","status":"publish","type":"page","link":"https:\/\/www.zylannprods.fr\/fr\/jeux-video\/game-jams-speed-dev\/","title":{"rendered":"Game jams (speed dev)"},"content":{"rendered":"<p>Qu&rsquo;est-ce qu&rsquo;une game jam?<br \/>\nC&rsquo;est une sorte de concours dont le but est de cr\u00e9er un jeu dans un temps tr\u00e8s court, le plus souvent 48h. La <a href=\"http:\/\/globalgamejam.org\/\" target=\"_blank\">Global Game Jam<\/a> ou le <a href=\"http:\/\/www.ludumdare.com\/\" target=\"_blank\">Ludum Dare<\/a> sont des concours de ce genre, et ils se d\u00e9roulent \u00e0 \u00e9chelle mondiale. Parce que c&rsquo;est motivant. Parce que \u00e7a permet d&rsquo;exp\u00e9rimenter des choses, <strong>parce que c&rsquo;est fun<\/strong> !<\/p>\n<p><a title=\"BP is Dropping\" href=\"https:\/\/www.zylannprods.fr\/fr\/?page_id=76\">BP Is Dropping<\/a> \u2013 r\u00e9gulez votre rythme cardiaque en fonction de ce que vous voyez<br \/>\n<a title=\"Chasm\" href=\"https:\/\/www.zylannprods.fr\/fr\/?page_id=86\">Chasm<\/a> \u2013 un jeu de gestion d&rsquo;\u00e9quipage de sous-marin<br \/>\n<a title=\"Spammer\" href=\"https:\/\/www.zylannprods.fr\/fr\/?page_id=91\">Spammer<\/a> \u2013 envoyez des spams cach\u00e9s derri\u00e8re des titres accrocheurs<br \/>\n<a title=\"Super Scroll\" href=\"https:\/\/www.zylannprods.fr\/fr\/?page_id=97\">SuperScroll<\/a> \u2013 conduisez un pixel, r\u00e9coltez les bonus et \u00e9vitez les obstacles<\/p>\n<p>Et \u00e0 la fin, tout le monde va au lit !<\/p>\n","protected":false},"excerpt":{"rendered":"<p>Qu&rsquo;est-ce qu&rsquo;une game jam? C&rsquo;est une sorte de concours dont le but est de cr\u00e9er un jeu dans un temps<\/p>\n","protected":false},"author":1,"featured_media":0,"parent":10,"menu_order":2,"comment_status":"open","ping_status":"open","template":"","meta":[],"_links":{"self":[{"href":"https:\/\/www.zylannprods.fr\/fr\/wp-json\/wp\/v2\/pages\/32"}],"collection":[{"href":"https:\/\/www.zylannprods.fr\/fr\/wp-json\/wp\/v2\/pages"}],"about":[{"href":"https:\/\/www.zylannprods.fr\/fr\/wp-json\/wp\/v2\/types\/page"}],"author":[{"embeddable":true,"href":"https:\/\/www.zylannprods.fr\/fr\/wp-json\/wp\/v2\/users\/1"}],"replies":[{"embeddable":true,"href":"https:\/\/www.zylannprods.fr\/fr\/wp-json\/wp\/v2\/comments?post=32"}],"version-history":[{"count":6,"href":"https:\/\/www.zylannprods.fr\/fr\/wp-json\/wp\/v2\/pages\/32\/revisions"}],"predecessor-version":[{"id":106,"href":"https:\/\/www.zylannprods.fr\/fr\/wp-json\/wp\/v2\/pages\/32\/revisions\/106"}],"up":[{"embeddable":true,"href":"https:\/\/www.zylannprods.fr\/fr\/wp-json\/wp\/v2\/pages\/10"}],"wp:attachment":[{"href":"https:\/\/www.zylannprods.fr\/fr\/wp-json\/wp\/v2\/media?parent=32"}],"curies":[{"name":"wp","href":"https:\/\/api.w.org\/{rel}","templated":true}]}}