{"id":347,"date":"2013-05-28T00:45:24","date_gmt":"2013-05-27T23:45:24","guid":{"rendered":"http:\/\/www.zylannprods.fr\/fr\/?page_id=347"},"modified":"2014-02-12T10:40:39","modified_gmt":"2014-02-12T09:40:39","slug":"aku","status":"publish","type":"page","link":"https:\/\/www.zylannprods.fr\/fr\/jeux-video\/aku\/","title":{"rendered":"Aku"},"content":{"rendered":"<p><img loading=\"lazy\" class=\"aligncenter size-full wp-image-393\" alt=\"aku_w600\" src=\"https:\/\/www.zylannprods.fr\/fr\/wp-content\/uploads\/2013\/06\/aku_w600.png\" width=\"600\" height=\"222\" srcset=\"https:\/\/www.zylannprods.fr\/fr\/wp-content\/uploads\/2013\/06\/aku_w600.png 600w, https:\/\/www.zylannprods.fr\/fr\/wp-content\/uploads\/2013\/06\/aku_w600-300x111.png 300w\" sizes=\"(max-width: 600px) 100vw, 600px\" \/><\/p>\n<p>Aku est un jeu vid\u00e9o sur tablette dans lequel vous incarnez un dragon serpentin. En vous d\u00e9pla\u00e7ant dans un monde 2D, apprenez \u00e0 peindre et r\u00e9v\u00e9ler les secrets cach\u00e9s derri\u00e8re le papier&#8230;<\/p>\n<p><object width=\"640\" height=\"360\" classid=\"clsid:d27cdb6e-ae6d-11cf-96b8-444553540000\" codebase=\"http:\/\/download.macromedia.com\/pub\/shockwave\/cabs\/flash\/swflash.cab#version=6,0,40,0\"><param name=\"allowFullScreen\" value=\"true\" \/><param name=\"allowscriptaccess\" value=\"always\" \/><param name=\"src\" value=\"http:\/\/www.youtube.com\/v\/b7Tve7cvw3Q?version=3&amp;hl=fr_FR&amp;rel=0\" \/><param name=\"allowfullscreen\" value=\"true\" \/><embed width=\"640\" height=\"360\" type=\"application\/x-shockwave-flash\" src=\"http:\/\/www.youtube.com\/v\/b7Tve7cvw3Q?version=3&amp;hl=fr_FR&amp;rel=0\" allowFullScreen=\"true\" allowscriptaccess=\"always\" allowfullscreen=\"true\" \/><\/object><\/p>\n<p>J&rsquo;ai \u00e9t\u00e9 d\u00e9veloppeur sur ce jeu de fin 2013 \u00e0 juin 2014, dans le cadre d&rsquo;un projet de 1\u00e8re ann\u00e9e \u00e0 l&rsquo;<a href=\"http:\/\/www.enjmin.fr\/\" target=\"_blank\">ENJMIN<\/a>. Aku \u00e9tait \u00e9galement inscrit au <a href=\"http:\/\/www.lemonde.fr\/technologies\/visuel\/2013\/05\/28\/hits-playtime-3-decouvrez-les-29-projets-de-jeux-etudiants_3419754_651865.html\" target=\"_blank\">concours Hits Playtime<\/a> organis\u00e9 par LeMonde.fr, dont la comp\u00e9tition s&rsquo;est achev\u00e9e entre le 16 et 17 juin \u00e0 minuit.<br \/>\nAncien devblog : <a href=\"http:\/\/akuthegame.blog.lemonde.fr\/\" target=\"_blank\">http:\/\/akuthegame.blog.lemonde.fr\/<\/a><\/p>\n<p>Aku a gagn\u00e9 le prix du public \u00e0 l&rsquo;issue du jury !<\/p>\n<p><!-- Artwork --><\/p>\n<h2>Jouer au jeu<\/h2>\n<p>Pour jouer \u00e0 Aku, vous devez poss\u00e9der une tablette ou un smartphone Android.<br \/>\nVous pouvez obtenir le jeu <a href=\"http:\/\/emmanuel.corno.com\/aku.zip\">en suivant ce lien<\/a>.<\/p>\n<h2>Notre \u00e9quipe<\/h2>\n<p><a href=\"http:\/\/emmanuel.corno.com\/\">Emmanuel Corno<\/a>, game designer<br \/>\n<a href=\"http:\/\/fr.linkedin.com\/pub\/vincent-aubry\/60\/5a3\/77\">Vincent Aubry<\/a>, graphiste<br \/>\n<a href=\"http:\/\/www.linkedin.com\/pub\/mich%C3%A8le-kopff\/51\/1b\/65b\">Mich\u00e8le Kopff<\/a>, sound designeuse<br \/>\n<a href=\"http:\/\/fr.linkedin.com\/pub\/elizabeth-maler\/5a\/726\/708\">Elizabeth Maler<\/a>, ergonome et chef de projet<br \/>\n<a href=\"http:\/\/fr.linkedin.com\/in\/leasauge\">L\u00e9a Saug\u00e9<\/a>, game designeuse<br \/>\n<a href=\"http:\/\/zylannprods.fr\">Marc Gilleron<\/a>, programmeur<\/p>\n<p>&nbsp;<\/p>\n","protected":false},"excerpt":{"rendered":"<p>Aku est un jeu vid\u00e9o sur tablette dans lequel vous incarnez un dragon serpentin. En vous d\u00e9pla\u00e7ant dans un monde<\/p>\n","protected":false},"author":1,"featured_media":0,"parent":10,"menu_order":1,"comment_status":"open","ping_status":"open","template":"","meta":[],"_links":{"self":[{"href":"https:\/\/www.zylannprods.fr\/fr\/wp-json\/wp\/v2\/pages\/347"}],"collection":[{"href":"https:\/\/www.zylannprods.fr\/fr\/wp-json\/wp\/v2\/pages"}],"about":[{"href":"https:\/\/www.zylannprods.fr\/fr\/wp-json\/wp\/v2\/types\/page"}],"author":[{"embeddable":true,"href":"https:\/\/www.zylannprods.fr\/fr\/wp-json\/wp\/v2\/users\/1"}],"replies":[{"embeddable":true,"href":"https:\/\/www.zylannprods.fr\/fr\/wp-json\/wp\/v2\/comments?post=347"}],"version-history":[{"count":13,"href":"https:\/\/www.zylannprods.fr\/fr\/wp-json\/wp\/v2\/pages\/347\/revisions"}],"predecessor-version":[{"id":800,"href":"https:\/\/www.zylannprods.fr\/fr\/wp-json\/wp\/v2\/pages\/347\/revisions\/800"}],"up":[{"embeddable":true,"href":"https:\/\/www.zylannprods.fr\/fr\/wp-json\/wp\/v2\/pages\/10"}],"wp:attachment":[{"href":"https:\/\/www.zylannprods.fr\/fr\/wp-json\/wp\/v2\/media?parent=347"}],"curies":[{"name":"wp","href":"https:\/\/api.w.org\/{rel}","templated":true}]}}