{"id":37,"date":"2013-03-01T03:58:36","date_gmt":"2013-03-01T02:58:36","guid":{"rendered":"http:\/\/www.zylannprods.fr\/fr\/?page_id=37"},"modified":"2018-06-03T22:49:36","modified_gmt":"2018-06-03T21:49:36","slug":"milhana","status":"publish","type":"page","link":"https:\/\/www.zylannprods.fr\/fr\/fictions-audio\/milhana\/","title":{"rendered":"Milhana"},"content":{"rendered":"<p style=\"text-align: center;\"><a href=\"http:\/\/milhana.webnode.fr\/\"><img loading=\"lazy\" class=\"aligncenter  wp-image-121\" alt=\"milhana_ban_800x200\" src=\"https:\/\/www.zylannprods.fr\/fr\/wp-content\/uploads\/2013\/03\/milhana_ban_800x200.png\" width=\"800\" height=\"200\" srcset=\"https:\/\/www.zylannprods.fr\/fr\/wp-content\/uploads\/2013\/03\/milhana_ban_800x200.png 800w, https:\/\/www.zylannprods.fr\/fr\/wp-content\/uploads\/2013\/03\/milhana_ban_800x200-300x75.png 300w\" sizes=\"(max-width: 800px) 100vw, 800px\" \/><\/a><a class=\"download-link\" title=\"\nVersion 1\t\" href=\"https:\/\/www.zylannprods.fr\/fr\/download\/milhana_bonus_teaser\/?tmstv=1777609947\" rel=\"nofollow\">\n\tMilhana_bonus_teaser\t(9219 t\u00e9l\u00e9chargements)\n<\/a>\n<\/p>\n<p style=\"text-align: center;\"><b><span style=\"color: #00ff00;\">Ann\u00e9e 2093<\/span>.<\/b><\/p>\n<p style=\"text-align: center;\"><i>Alors que les cyber-technologies poursuivent leurs avanc\u00e9es,<br \/>\nUne soci\u00e9t\u00e9 scientifique du nom de <\/i><span style=\"color: #00ff00;\">Gamelife<\/span> <i>a r\u00e9alis\u00e9 un tour de force, que l&rsquo;on croyait impossible jusqu&rsquo;alors :<br \/>\nconnecter int\u00e9gralement un humain a un monde virtuel, gr\u00e2ce aux travaux d&rsquo;un \u00e9minent chercheur, <\/i><span style=\"color: #00ff00;\">Alvin Trevan<\/span><i>.<\/i><\/p>\n<p style=\"text-align: center;\"><em>Tr\u00e8s vite, la communaut\u00e9 de<\/em> <em>Gamelife<\/em> <i>a lanc\u00e9 un projet sans pr\u00e9c\u00e9dent :<br \/>\nun monde fantastique reprenant les bases de tous les jeux en ligne connus, afin de r\u00e9aliser la premi\u00e8re r\u00e9alit\u00e9 alternative ouverte au public:<br \/>\n<\/i><span style=\"color: #00ff00;\"><b>MILHANA<\/b><\/span><i>.<\/i><\/p>\n<p style=\"text-align: center;\"><em>Le succ\u00e8s fut imm\u00e9diat.<\/em><br \/>\n<em> des personnes vinrent du monde entier pour rejoindre Gamelife Island<\/em><i>, l&rsquo;\u00eele sur laquelle la communaut\u00e9 s&rsquo;est install\u00e9e avec son \u00e9quipement.<br \/>\ngr\u00e2ce aux centaines de dispositifs de conservation biologiques, et a l&rsquo;obtention de brevets d&rsquo;exploitation internationaux, les dur\u00e9es de connexion s&rsquo;\u00e9tendirent.<\/i><\/p>\n<p style=\"text-align: center;\"><em>Des jours, des semaines&#8230;<\/em> <span style=\"color: #00ff00;\">des ann\u00e9es.<\/span><\/p>\n<p style=\"text-align: center;\"><em>Jusqu&rsquo;au jour o\u00f9<\/em> <span style=\"color: #00ff00;\"><b>Mateo<\/b><\/span><i>, un jeune homme de 18 ans,d\u00e9cide de se lancer dans l&rsquo;aventure.<br \/>\nil d\u00e9couvre un autre monde, totalement diff\u00e9rent du sien&#8230;<\/i><\/p>\n<h2 style=\"text-align: center;\"><span style=\"text-decoration: underline;\"><span style=\"color: #00ff00; text-decoration: underline;\"><a title=\"Site de la saga\" href=\"http:\/\/milhana.webnode.fr\/\" target=\"_blank\"><span style=\"color: #00ff00; text-decoration: underline;\">Site de la saga<\/span><\/a><\/span><\/span><\/h2>\n<h2>Episodes<\/h2>\n<p>Je mets \u00e0 disposition les \u00e9pisodes de ma saga en plus du site, au cas o\u00f9 \ud83d\ude42<\/p>\n<p><a class=\"download-link\" title=\"\n\t\" href=\"https:\/\/www.zylannprods.fr\/fr\/download\/milhana-episode-1-partie-1\/?tmstv=1777609947\" rel=\"nofollow\">\n\tMilhana - episode 1 - partie 1\t(14766 t\u00e9l\u00e9chargements)\n<\/a>\n<br \/>\n<!--[if lt IE 9]><script>document.createElement('audio');<\/script><![endif]-->\n<audio class=\"wp-audio-shortcode\" id=\"audio-37-1\" preload=\"none\" style=\"width: 100%;\" controls=\"controls\"><source type=\"audio\/mpeg\" src=\"http:\/\/zylannprods.fr\/audiosagas\/milhana\/Milhana_episode01_partie1.mp3?_=1\" \/><a href=\"http:\/\/zylannprods.fr\/audiosagas\/milhana\/Milhana_episode01_partie1.mp3\">http:\/\/zylannprods.fr\/audiosagas\/milhana\/Milhana_episode01_partie1.mp3<\/a><\/audio><br \/>\n<a class=\"download-link\" title=\"\n\t\" href=\"https:\/\/www.zylannprods.fr\/fr\/download\/milhana-episode-1-partie-2\/?tmstv=1777609947\" rel=\"nofollow\">\n\tMilhana - episode 1 - partie 2\t(11209 t\u00e9l\u00e9chargements)\n<\/a>\n<br \/>\n<audio class=\"wp-audio-shortcode\" id=\"audio-37-2\" preload=\"none\" style=\"width: 100%;\" controls=\"controls\"><source type=\"audio\/mpeg\" src=\"http:\/\/zylannprods.fr\/audiosagas\/milhana\/Milhana_episode01_partie2.mp3?_=2\" \/><a href=\"http:\/\/zylannprods.fr\/audiosagas\/milhana\/Milhana_episode01_partie2.mp3\">http:\/\/zylannprods.fr\/audiosagas\/milhana\/Milhana_episode01_partie2.mp3<\/a><\/audio><br \/>\n<a class=\"download-link\" title=\"\n\t\" href=\"https:\/\/www.zylannprods.fr\/fr\/download\/milhana-episode-2\/?tmstv=1777609947\" rel=\"nofollow\">\n\tMilhana - episode 2\t(11010 t\u00e9l\u00e9chargements)\n<\/a>\n<br \/>\n<audio class=\"wp-audio-shortcode\" id=\"audio-37-3\" preload=\"none\" style=\"width: 100%;\" controls=\"controls\"><source type=\"audio\/mpeg\" src=\"http:\/\/zylannprods.fr\/audiosagas\/milhana\/Milhana_episode02.mp3?_=3\" \/><a href=\"http:\/\/zylannprods.fr\/audiosagas\/milhana\/Milhana_episode02.mp3\">http:\/\/zylannprods.fr\/audiosagas\/milhana\/Milhana_episode02.mp3<\/a><\/audio><br \/>\n<a class=\"download-link\" title=\"\n\t\" href=\"https:\/\/www.zylannprods.fr\/fr\/download\/milhana-episode-3\/?tmstv=1777609947\" rel=\"nofollow\">\n\tMilhana - episode 3\t(10655 t\u00e9l\u00e9chargements)\n<\/a>\n<br \/>\n<audio class=\"wp-audio-shortcode\" id=\"audio-37-4\" preload=\"none\" style=\"width: 100%;\" controls=\"controls\"><source type=\"audio\/mpeg\" src=\"http:\/\/zylannprods.fr\/audiosagas\/milhana\/Milhana_episode03.mp3?_=4\" \/><a href=\"http:\/\/zylannprods.fr\/audiosagas\/milhana\/Milhana_episode03.mp3\">http:\/\/zylannprods.fr\/audiosagas\/milhana\/Milhana_episode03.mp3<\/a><\/audio><br \/>\n<a class=\"download-link\" title=\"\n\t\" href=\"https:\/\/www.zylannprods.fr\/fr\/download\/milhana-episode-4-partie-1\/?tmstv=1777609947\" rel=\"nofollow\">\n\tMilhana - episode 4 - partie 1\t(11020 t\u00e9l\u00e9chargements)\n<\/a>\n<br \/>\n<audio class=\"wp-audio-shortcode\" id=\"audio-37-5\" preload=\"none\" style=\"width: 100%;\" controls=\"controls\"><source type=\"audio\/mpeg\" src=\"http:\/\/zylannprods.fr\/audiosagas\/milhana\/Milhana_episode04_partie1.mp3?_=5\" \/><a href=\"http:\/\/zylannprods.fr\/audiosagas\/milhana\/Milhana_episode04_partie1.mp3\">http:\/\/zylannprods.fr\/audiosagas\/milhana\/Milhana_episode04_partie1.mp3<\/a><\/audio><br \/>\n<a class=\"download-link\" title=\"\n\t\" href=\"https:\/\/www.zylannprods.fr\/fr\/download\/milhana-episode-4-partie-2\/?tmstv=1777609947\" rel=\"nofollow\">\n\tMilhana - episode 4 - partie 2\t(10750 t\u00e9l\u00e9chargements)\n<\/a>\n<br \/>\n<audio class=\"wp-audio-shortcode\" id=\"audio-37-6\" preload=\"none\" style=\"width: 100%;\" controls=\"controls\"><source type=\"audio\/mpeg\" src=\"http:\/\/zylannprods.fr\/audiosagas\/milhana\/Milhana_episode04_partie2.mp3?_=6\" \/><a href=\"http:\/\/zylannprods.fr\/audiosagas\/milhana\/Milhana_episode04_partie2.mp3\">http:\/\/zylannprods.fr\/audiosagas\/milhana\/Milhana_episode04_partie2.mp3<\/a><\/audio><br \/>\n<a class=\"download-link\" title=\"\n\t\" href=\"https:\/\/www.zylannprods.fr\/fr\/download\/milhana-episode-5\/?tmstv=1777609947\" rel=\"nofollow\">\n\tMilhana - episode 5\t(12620 t\u00e9l\u00e9chargements)\n<\/a>\n<br \/>\n<audio class=\"wp-audio-shortcode\" id=\"audio-37-7\" preload=\"none\" style=\"width: 100%;\" controls=\"controls\"><source type=\"audio\/mpeg\" src=\"http:\/\/zylannprods.fr\/audiosagas\/milhana\/Milhana_episode05.mp3?_=7\" \/><a href=\"http:\/\/zylannprods.fr\/audiosagas\/milhana\/Milhana_episode05.mp3\">http:\/\/zylannprods.fr\/audiosagas\/milhana\/Milhana_episode05.mp3<\/a><\/audio><br \/>\n<a class=\"download-link\" title=\"\n\t\" href=\"https:\/\/www.zylannprods.fr\/fr\/download\/milhana-episode-6-partie-1\/?tmstv=1777609947\" rel=\"nofollow\">\n\tMilhana - episode 6 - partie 1\t(10624 t\u00e9l\u00e9chargements)\n<\/a>\n<br \/>\n<audio class=\"wp-audio-shortcode\" id=\"audio-37-8\" preload=\"none\" style=\"width: 100%;\" controls=\"controls\"><source type=\"audio\/mpeg\" src=\"http:\/\/zylannprods.fr\/audiosagas\/milhana\/Milhana_episode06_partie1.mp3?_=8\" \/><a href=\"http:\/\/zylannprods.fr\/audiosagas\/milhana\/Milhana_episode06_partie1.mp3\">http:\/\/zylannprods.fr\/audiosagas\/milhana\/Milhana_episode06_partie1.mp3<\/a><\/audio><br \/>\n<a class=\"download-link\" title=\"\n\t\" href=\"https:\/\/www.zylannprods.fr\/fr\/download\/milhana-episode-6-partie-2\/?tmstv=1777609947\" rel=\"nofollow\">\n\tMilhana - episode 6 - partie 2\t(10512 t\u00e9l\u00e9chargements)\n<\/a>\n<br \/>\n<audio class=\"wp-audio-shortcode\" id=\"audio-37-9\" preload=\"none\" style=\"width: 100%;\" controls=\"controls\"><source type=\"audio\/mpeg\" src=\"http:\/\/zylannprods.fr\/audiosagas\/milhana\/Milhana_episode06_partie2.mp3?_=9\" \/><a href=\"http:\/\/zylannprods.fr\/audiosagas\/milhana\/Milhana_episode06_partie2.mp3\">http:\/\/zylannprods.fr\/audiosagas\/milhana\/Milhana_episode06_partie2.mp3<\/a><\/audio><br \/>\n<a class=\"download-link\" title=\"\n\t\" href=\"https:\/\/www.zylannprods.fr\/fr\/download\/milhana-episode-7\/?tmstv=1777609947\" rel=\"nofollow\">\n\tMilhana - episode 7\t(10897 t\u00e9l\u00e9chargements)\n<\/a>\n<br \/>\n<audio class=\"wp-audio-shortcode\" id=\"audio-37-10\" preload=\"none\" style=\"width: 100%;\" controls=\"controls\"><source type=\"audio\/mpeg\" src=\"http:\/\/zylannprods.fr\/audiosagas\/milhana\/Milhana_episode07.mp3?_=10\" \/><a href=\"http:\/\/zylannprods.fr\/audiosagas\/milhana\/Milhana_episode07.mp3\">http:\/\/zylannprods.fr\/audiosagas\/milhana\/Milhana_episode07.mp3<\/a><\/audio><br \/>\n<a class=\"download-link\" title=\"\n\t\" href=\"https:\/\/www.zylannprods.fr\/fr\/download\/milhana-episode-8-partie-1\/?tmstv=1777609947\" rel=\"nofollow\">\n\tMilhana - episode 8 - partie 1\t(10251 t\u00e9l\u00e9chargements)\n<\/a>\n<br \/>\n<audio class=\"wp-audio-shortcode\" id=\"audio-37-11\" preload=\"none\" style=\"width: 100%;\" controls=\"controls\"><source type=\"audio\/mpeg\" src=\"http:\/\/zylannprods.fr\/audiosagas\/milhana\/Milhana_episode08_partie1.mp3?_=11\" \/><a href=\"http:\/\/zylannprods.fr\/audiosagas\/milhana\/Milhana_episode08_partie1.mp3\">http:\/\/zylannprods.fr\/audiosagas\/milhana\/Milhana_episode08_partie1.mp3<\/a><\/audio><br \/>\n<a class=\"download-link\" title=\"\n\t\" href=\"https:\/\/www.zylannprods.fr\/fr\/download\/milhana-episode-8-partie-2\/?tmstv=1777609947\" rel=\"nofollow\">\n\tMilhana - episode 8 - partie 2\t(9901 t\u00e9l\u00e9chargements)\n<\/a>\n<br \/>\n<audio class=\"wp-audio-shortcode\" id=\"audio-37-12\" preload=\"none\" style=\"width: 100%;\" controls=\"controls\"><source type=\"audio\/mpeg\" src=\"http:\/\/zylannprods.fr\/audiosagas\/milhana\/Milhana_episode08_partie2.mp3?_=12\" \/><a href=\"http:\/\/zylannprods.fr\/audiosagas\/milhana\/Milhana_episode08_partie2.mp3\">http:\/\/zylannprods.fr\/audiosagas\/milhana\/Milhana_episode08_partie2.mp3<\/a><\/audio><br \/>\n<a class=\"download-link\" title=\"\n\t\" href=\"https:\/\/www.zylannprods.fr\/fr\/download\/milhana-episode-9\/?tmstv=1777609947\" rel=\"nofollow\">\n\tMilhana - episode 9\t(9999 t\u00e9l\u00e9chargements)\n<\/a>\n<br \/>\n<audio class=\"wp-audio-shortcode\" id=\"audio-37-13\" preload=\"none\" style=\"width: 100%;\" controls=\"controls\"><source type=\"audio\/mpeg\" src=\"http:\/\/zylannprods.fr\/audiosagas\/milhana\/Milhana_episode09.mp3?_=13\" \/><a href=\"http:\/\/zylannprods.fr\/audiosagas\/milhana\/Milhana_episode09.mp3\">http:\/\/zylannprods.fr\/audiosagas\/milhana\/Milhana_episode09.mp3<\/a><\/audio><br \/>\n<a class=\"download-link\" title=\"\n\t\" href=\"https:\/\/www.zylannprods.fr\/fr\/download\/milhana-episode-10-partie-1\/?tmstv=1777609947\" rel=\"nofollow\">\n\tMilhana - episode 10 - partie 1\t(11970 t\u00e9l\u00e9chargements)\n<\/a>\n<br \/>\n<audio class=\"wp-audio-shortcode\" id=\"audio-37-14\" preload=\"none\" style=\"width: 100%;\" controls=\"controls\"><source type=\"audio\/mpeg\" src=\"http:\/\/zylannprods.fr\/audiosagas\/milhana\/Milhana_episode10_partie1.mp3?_=14\" \/><a href=\"http:\/\/zylannprods.fr\/audiosagas\/milhana\/Milhana_episode10_partie1.mp3\">http:\/\/zylannprods.fr\/audiosagas\/milhana\/Milhana_episode10_partie1.mp3<\/a><\/audio><br \/>\n<a class=\"download-link\" title=\"\n\t\" href=\"https:\/\/www.zylannprods.fr\/fr\/download\/milhana-episode-10-partie-2\/?tmstv=1777609947\" rel=\"nofollow\">\n\tMilhana - episode 10 - partie 2\t(11260 t\u00e9l\u00e9chargements)\n<\/a>\n<br \/>\n<audio class=\"wp-audio-shortcode\" id=\"audio-37-15\" preload=\"none\" style=\"width: 100%;\" controls=\"controls\"><source type=\"audio\/mpeg\" src=\"http:\/\/zylannprods.fr\/audiosagas\/milhana\/Milhana_episode10_partie2.mp3?_=15\" \/><a href=\"http:\/\/zylannprods.fr\/audiosagas\/milhana\/Milhana_episode10_partie2.mp3\">http:\/\/zylannprods.fr\/audiosagas\/milhana\/Milhana_episode10_partie2.mp3<\/a><\/audio><br \/>\n<a class=\"download-link\" title=\"\n\t\" href=\"https:\/\/www.zylannprods.fr\/fr\/download\/milhana-episode-11\/?tmstv=1777609947\" rel=\"nofollow\">\n\tMilhana - episode 11\t(10619 t\u00e9l\u00e9chargements)\n<\/a>\n<br \/>\n<audio class=\"wp-audio-shortcode\" id=\"audio-37-16\" preload=\"none\" style=\"width: 100%;\" controls=\"controls\"><source type=\"audio\/mpeg\" src=\"http:\/\/zylannprods.fr\/audiosagas\/milhana\/Milhana_episode11.mp3?_=16\" \/><a href=\"http:\/\/zylannprods.fr\/audiosagas\/milhana\/Milhana_episode11.mp3\">http:\/\/zylannprods.fr\/audiosagas\/milhana\/Milhana_episode11.mp3<\/a><\/audio><br \/>\n<a class=\"download-link\" title=\"\n\t\" href=\"https:\/\/www.zylannprods.fr\/fr\/download\/milhana-episode-12-requiem\/?tmstv=1777609947\" rel=\"nofollow\">\n\tMilhana - episode 12 - requiem\t(12577 t\u00e9l\u00e9chargements)\n<\/a>\n<br \/>\n<audio class=\"wp-audio-shortcode\" id=\"audio-37-17\" preload=\"none\" style=\"width: 100%;\" controls=\"controls\"><source type=\"audio\/mpeg\" src=\"http:\/\/zylannprods.fr\/audiosagas\/milhana\/Milhana_episode12.mp3?_=17\" \/><a href=\"http:\/\/zylannprods.fr\/audiosagas\/milhana\/Milhana_episode12.mp3\">http:\/\/zylannprods.fr\/audiosagas\/milhana\/Milhana_episode12.mp3<\/a><\/audio><\/p>\n<p>Pack complet: <a class=\"download-link\" title=\"\n\t\" href=\"https:\/\/www.zylannprods.fr\/fr\/download\/milhana-pack-complet\/?tmstv=1777609947\" rel=\"nofollow\">\n\tMilhana - pack complet\t(5840 t\u00e9l\u00e9chargements)\n<\/a>\n<\/p>\n<h2>\u00a0Sur YouTube<\/h2>\n<p><iframe loading=\"lazy\" src=\"https:\/\/www.youtube.com\/embed\/hmcyZOl_EVI?list=PLjhr5kxwxo9_o4q5uSVyD5qMB_dOzY55R\" height=\"315\" width=\"560\" allowfullscreen=\"\" frameborder=\"0\"><\/iframe><\/p>\n","protected":false},"excerpt":{"rendered":"<p>Ann\u00e9e 2093. Alors que les cyber-technologies poursuivent leurs avanc\u00e9es, Une soci\u00e9t\u00e9 scientifique du nom de Gamelife a r\u00e9alis\u00e9 un tour<\/p>\n","protected":false},"author":1,"featured_media":0,"parent":12,"menu_order":0,"comment_status":"open","ping_status":"open","template":"page-withcomments.php","meta":[],"_links":{"self":[{"href":"https:\/\/www.zylannprods.fr\/fr\/wp-json\/wp\/v2\/pages\/37"}],"collection":[{"href":"https:\/\/www.zylannprods.fr\/fr\/wp-json\/wp\/v2\/pages"}],"about":[{"href":"https:\/\/www.zylannprods.fr\/fr\/wp-json\/wp\/v2\/types\/page"}],"author":[{"embeddable":true,"href":"https:\/\/www.zylannprods.fr\/fr\/wp-json\/wp\/v2\/users\/1"}],"replies":[{"embeddable":true,"href":"https:\/\/www.zylannprods.fr\/fr\/wp-json\/wp\/v2\/comments?post=37"}],"version-history":[{"count":55,"href":"https:\/\/www.zylannprods.fr\/fr\/wp-json\/wp\/v2\/pages\/37\/revisions"}],"predecessor-version":[{"id":1373,"href":"https:\/\/www.zylannprods.fr\/fr\/wp-json\/wp\/v2\/pages\/37\/revisions\/1373"}],"up":[{"embeddable":true,"href":"https:\/\/www.zylannprods.fr\/fr\/wp-json\/wp\/v2\/pages\/12"}],"wp:attachment":[{"href":"https:\/\/www.zylannprods.fr\/fr\/wp-json\/wp\/v2\/media?parent=37"}],"curies":[{"name":"wp","href":"https:\/\/api.w.org\/{rel}","templated":true}]}}