{"id":41,"date":"2013-03-01T04:00:07","date_gmt":"2013-03-01T03:00:07","guid":{"rendered":"http:\/\/www.zylannprods.fr\/fr\/?page_id=41"},"modified":"2013-08-05T00:03:27","modified_gmt":"2013-08-04T23:03:27","slug":"coproductions","status":"publish","type":"page","link":"https:\/\/www.zylannprods.fr\/fr\/fictions-audio\/coproductions\/","title":{"rendered":"Coproductions"},"content":{"rendered":"<p>En plus de mes propres cr\u00e9ations, j&rsquo;ai aussi particip\u00e9 activement \u00e0 la r\u00e9alisation d&rsquo;autres sagas :<\/p>\n<ul>\n<li><a href=\"http:\/\/wiki.netophonix.com\/Le_Loup:_Lafec%27s_Chronics\" target=\"_blank\"><strong>Le Loup : Lafec&rsquo;s Chronics<\/strong><\/a>, l&rsquo;histoire d&rsquo;un justicier (en pause)<a href=\"http:\/\/wiki.netophonix.com\/Le_Loup:_Lafec%27s_Chronics\" target=\"_blank\">&gt;&gt; D\u00e9couvrir<\/a><\/li>\n<li><a href=\"http:\/\/www.wavesavengers.fr\/creations-audio\/frite\/episodes\/\" target=\"_blank\"><strong>Frite<\/strong><\/a>, ou comment manger dans un routier peut changer votre vie <a href=\"http:\/\/www.wavesavengers.fr\/creations-audio\/frite\/episodes\/\" target=\"_blank\">&gt;&gt; D\u00e9couvrir<\/a><\/li>\n<li><a href=\"http:\/\/inuteromp3.jimdo.com\/\" target=\"_blank\"><strong>In Utero<\/strong><\/a>, un thriller spatial (arr\u00eat\u00e9e)<a href=\"http:\/\/inuteromp3.jimdo.com\/\" target=\"_blank\">&gt;&gt; D\u00e9couvrir<\/a><\/li>\n<\/ul>\n","protected":false},"excerpt":{"rendered":"<p>En plus de mes propres cr\u00e9ations, j&rsquo;ai aussi particip\u00e9 activement \u00e0 la r\u00e9alisation d&rsquo;autres sagas : Le Loup : Lafec&rsquo;s<\/p>\n","protected":false},"author":1,"featured_media":0,"parent":12,"menu_order":3,"comment_status":"open","ping_status":"open","template":"","meta":[],"_links":{"self":[{"href":"https:\/\/www.zylannprods.fr\/fr\/wp-json\/wp\/v2\/pages\/41"}],"collection":[{"href":"https:\/\/www.zylannprods.fr\/fr\/wp-json\/wp\/v2\/pages"}],"about":[{"href":"https:\/\/www.zylannprods.fr\/fr\/wp-json\/wp\/v2\/types\/page"}],"author":[{"embeddable":true,"href":"https:\/\/www.zylannprods.fr\/fr\/wp-json\/wp\/v2\/users\/1"}],"replies":[{"embeddable":true,"href":"https:\/\/www.zylannprods.fr\/fr\/wp-json\/wp\/v2\/comments?post=41"}],"version-history":[{"count":7,"href":"https:\/\/www.zylannprods.fr\/fr\/wp-json\/wp\/v2\/pages\/41\/revisions"}],"predecessor-version":[{"id":455,"href":"https:\/\/www.zylannprods.fr\/fr\/wp-json\/wp\/v2\/pages\/41\/revisions\/455"}],"up":[{"embeddable":true,"href":"https:\/\/www.zylannprods.fr\/fr\/wp-json\/wp\/v2\/pages\/12"}],"wp:attachment":[{"href":"https:\/\/www.zylannprods.fr\/fr\/wp-json\/wp\/v2\/media?parent=41"}],"curies":[{"name":"wp","href":"https:\/\/api.w.org\/{rel}","templated":true}]}}