{"id":450,"date":"2013-08-04T23:58:25","date_gmt":"2013-08-04T22:58:25","guid":{"rendered":"http:\/\/www.zylannprods.fr\/fr\/?page_id=450"},"modified":"2016-12-25T19:03:54","modified_gmt":"2016-12-25T18:03:54","slug":"in-utero","status":"publish","type":"page","link":"https:\/\/www.zylannprods.fr\/fr\/fictions-audio\/coproductions\/in-utero\/","title":{"rendered":"In Utero"},"content":{"rendered":"<p>Page sp\u00e9ciale de la saga In Utero, dont j&rsquo;ai r\u00e9alis\u00e9 le premier \u00e9pisode (avant que celle-ci ne soit arr\u00eat\u00e9e&#8230;).<br \/>\nL&rsquo;ancien site officiel existe encore \u00e0 l&rsquo;heure o\u00f9 j&rsquo;\u00e9cris ces lignes: <a href=\"https:\/\/inuteromp3.jimdo.com\/\">https:\/\/inuteromp3.jimdo.com\/<\/a><br \/>\nCependant comme les liens sont morts (et que je n&rsquo;ai pas acc\u00e8s au site), voici une page de backup.<\/p>\n<h2>In Utero &#8211; \u00e9pisode 01 : G\u00e9n\u00e9ration 5<\/h2>\n<p><img class=\"aligncenter\" src=\"http:\/\/zylannprods.fr\/audiosagas\/inutero\/inutero_cover.png\" alt=\"Pochette d'In Utero\" \/><\/p>\n<a class=\"download-link\" title=\"\n\t\" href=\"https:\/\/www.zylannprods.fr\/fr\/download\/in-utero\/?tmstv=1777506922\" rel=\"nofollow\">\n\tIn Utero\t(1814 t\u00e9l\u00e9chargements)\n<\/a>\n\n<p>R\u00e9alis\u00e9 par Zylann, sur un sc\u00e9nario de Vargas<\/p>\n<h2>Acteurs :<\/h2>\n<ul>\n<li>Xzimnut dans le r\u00f4le de Martin,<\/li>\n<li>Max Demian dans le r\u00f4le de Robin,<\/li>\n<li>Merween dans le r\u00f4le de Emma,<\/li>\n<li>Mp3 dans le r\u00f4le de Matt,<\/li>\n<li>Istria dans le r\u00f4le de Le\u00efla,<\/li>\n<li>Gambitux dans le r\u00f4le de l&rsquo;homme politique,<\/li>\n<li>Kradukman dansle r\u00f4le du g\u00e9n\u00e9ral William Vinoc<\/li>\n<\/ul>\n<h2>Musiques :<\/h2>\n<ul>\n<li>Requiem (plusieurs parties) de Wolfgang Amadeus Mozart<\/li>\n<li>Best of 2006-2009\\15 &#8211; Freedom beyond the horizon (Dj Fab, Authors NSM Fabianski)<\/li>\n<li>Best of 2006-2009\\09 &#8211; Sad memory (Dj Fab New World song)<\/li>\n<li>In Utero &#8211; Le\u00efla (de Zylann)<\/li>\n<li>In Utero &#8211; Mission to the Void (de Zylann)<\/li>\n<li>Eve CCP &#8211; Glorious Future (Jon Hallur)<\/li>\n<li>Far &#8211; 01 Romance (Laurent Lauzano alias Lzn02)<\/li>\n<li>7\u00e8me symphonie, 2\u00e8me mouvement de Ludwig van Beethoven<\/li>\n<\/ul>\n","protected":false},"excerpt":{"rendered":"<p>Page sp\u00e9ciale de la saga In Utero, dont j&rsquo;ai r\u00e9alis\u00e9 le premier \u00e9pisode (avant que celle-ci ne soit arr\u00eat\u00e9e&#8230;). L&rsquo;ancien<\/p>\n","protected":false},"author":1,"featured_media":0,"parent":41,"menu_order":0,"comment_status":"open","ping_status":"open","template":"","meta":[],"_links":{"self":[{"href":"https:\/\/www.zylannprods.fr\/fr\/wp-json\/wp\/v2\/pages\/450"}],"collection":[{"href":"https:\/\/www.zylannprods.fr\/fr\/wp-json\/wp\/v2\/pages"}],"about":[{"href":"https:\/\/www.zylannprods.fr\/fr\/wp-json\/wp\/v2\/types\/page"}],"author":[{"embeddable":true,"href":"https:\/\/www.zylannprods.fr\/fr\/wp-json\/wp\/v2\/users\/1"}],"replies":[{"embeddable":true,"href":"https:\/\/www.zylannprods.fr\/fr\/wp-json\/wp\/v2\/comments?post=450"}],"version-history":[{"count":9,"href":"https:\/\/www.zylannprods.fr\/fr\/wp-json\/wp\/v2\/pages\/450\/revisions"}],"predecessor-version":[{"id":1237,"href":"https:\/\/www.zylannprods.fr\/fr\/wp-json\/wp\/v2\/pages\/450\/revisions\/1237"}],"up":[{"embeddable":true,"href":"https:\/\/www.zylannprods.fr\/fr\/wp-json\/wp\/v2\/pages\/41"}],"wp:attachment":[{"href":"https:\/\/www.zylannprods.fr\/fr\/wp-json\/wp\/v2\/media?parent=450"}],"curies":[{"name":"wp","href":"https:\/\/api.w.org\/{rel}","templated":true}]}}