{"id":453,"date":"2013-08-05T00:03:06","date_gmt":"2013-08-04T23:03:06","guid":{"rendered":"http:\/\/www.zylannprods.fr\/fr\/?page_id=453"},"modified":"2018-06-03T22:36:09","modified_gmt":"2018-06-03T21:36:09","slug":"frite","status":"publish","type":"page","link":"https:\/\/www.zylannprods.fr\/fr\/fictions-audio\/coproductions\/frite\/","title":{"rendered":"FRITE"},"content":{"rendered":"<p><img class=\"aligncenter\" src=\"http:\/\/zylannprods.fr\/audiosagas\/frite\/artwork\/Frite_ban_v4.jpg\" alt=\"FRITE banner\" \/><\/p>\n<p>FRITE, une saga cuite \u00e0 point, \u00e9crite par <a href=\"http:\/\/www.wavesavengers.fr\/creations-audio\/frite\/\" target=\"_blank\" rel=\"noopener\">Cladall<\/a> et r\u00e9alis\u00e9e par moi-m\u00eame.<br \/>\nAvertissement: nous d\u00e9clinons toute responsabilit\u00e9 pour toute perte de QI durant l&rsquo;\u00e9coute de cette saga.<br \/>\nBon app\u00e9tit!<\/p>\n<p><a class=\"download-link\" title=\"\n\t\" href=\"https:\/\/www.zylannprods.fr\/fr\/download\/frite-teaser\/?tmstv=1777664049\" rel=\"nofollow\">\n\tFrite teaser\t(2217 t\u00e9l\u00e9chargements)\n<\/a>\n<br \/>\nT\u00e9l\u00e9charger l&rsquo;int\u00e9grale: <a class=\"download-link\" title=\"\n\t\" href=\"https:\/\/www.zylannprods.fr\/fr\/download\/la-barquette-de-frites-zip\/?tmstv=1777664049\" rel=\"nofollow\">\n\tLa Barquette de Frites (zip)\t(2518 t\u00e9l\u00e9chargements)\n<\/a>\n<\/p>\n<h2>Toutes les frites<\/h2>\n<p>Egalement disponibles sur le <a href=\"http:\/\/www.wavesavengers.fr\/creations-audio\/frite\/\" target=\"_blank\" rel=\"noopener\">site de Cladall<\/a>.<\/p>\n<p>Ici en streaming et t\u00e9l\u00e9chargement miroir:<\/p>\n<p>Mise en bouche<br \/>\n<!--[if lt IE 9]><script>document.createElement('audio');<\/script><![endif]-->\n<audio class=\"wp-audio-shortcode\" id=\"audio-453-1\" preload=\"none\" style=\"width: 100%;\" controls=\"controls\"><source type=\"audio\/mpeg\" src=\"http:\/\/zylannprods.fr\/audiosagas\/frite\/Frite_episode00.mp3?_=1\" \/><a href=\"http:\/\/zylannprods.fr\/audiosagas\/frite\/Frite_episode00.mp3\">http:\/\/zylannprods.fr\/audiosagas\/frite\/Frite_episode00.mp3<\/a><\/audio><br \/>\nPremi\u00e8re frite<br \/>\n<audio class=\"wp-audio-shortcode\" id=\"audio-453-2\" preload=\"none\" style=\"width: 100%;\" controls=\"controls\"><source type=\"audio\/mpeg\" src=\"http:\/\/zylannprods.fr\/audiosagas\/frite\/Frite_episode01.mp3?_=2\" \/><a href=\"http:\/\/zylannprods.fr\/audiosagas\/frite\/Frite_episode01.mp3\">http:\/\/zylannprods.fr\/audiosagas\/frite\/Frite_episode01.mp3<\/a><\/audio><br \/>\nSeconde frite<br \/>\n<audio class=\"wp-audio-shortcode\" id=\"audio-453-3\" preload=\"none\" style=\"width: 100%;\" controls=\"controls\"><source type=\"audio\/mpeg\" src=\"http:\/\/zylannprods.fr\/audiosagas\/frite\/Frite_episode02.mp3?_=3\" \/><a href=\"http:\/\/zylannprods.fr\/audiosagas\/frite\/Frite_episode02.mp3\">http:\/\/zylannprods.fr\/audiosagas\/frite\/Frite_episode02.mp3<\/a><\/audio><br \/>\nTroisi\u00e8me frite<br \/>\n<audio class=\"wp-audio-shortcode\" id=\"audio-453-4\" preload=\"none\" style=\"width: 100%;\" controls=\"controls\"><source type=\"audio\/mpeg\" src=\"http:\/\/zylannprods.fr\/audiosagas\/frite\/Frite_episode03.mp3?_=4\" \/><a href=\"http:\/\/zylannprods.fr\/audiosagas\/frite\/Frite_episode03.mp3\">http:\/\/zylannprods.fr\/audiosagas\/frite\/Frite_episode03.mp3<\/a><\/audio><br \/>\nQuatri\u00e8me frite<br \/>\n<audio class=\"wp-audio-shortcode\" id=\"audio-453-5\" preload=\"none\" style=\"width: 100%;\" controls=\"controls\"><source type=\"audio\/mpeg\" src=\"http:\/\/zylannprods.fr\/audiosagas\/frite\/Frite_episode04.mp3?_=5\" \/><a href=\"http:\/\/zylannprods.fr\/audiosagas\/frite\/Frite_episode04.mp3\">http:\/\/zylannprods.fr\/audiosagas\/frite\/Frite_episode04.mp3<\/a><\/audio><br \/>\nCinqui\u00e8me frite<br \/>\n<audio class=\"wp-audio-shortcode\" id=\"audio-453-6\" preload=\"none\" style=\"width: 100%;\" controls=\"controls\"><source type=\"audio\/mpeg\" src=\"http:\/\/zylannprods.fr\/audiosagas\/frite\/Frite_episode05.mp3?_=6\" \/><a href=\"http:\/\/zylannprods.fr\/audiosagas\/frite\/Frite_episode05.mp3\">http:\/\/zylannprods.fr\/audiosagas\/frite\/Frite_episode05.mp3<\/a><\/audio><br \/>\nSixi\u00e8me frite<br \/>\n<audio class=\"wp-audio-shortcode\" id=\"audio-453-7\" preload=\"none\" style=\"width: 100%;\" controls=\"controls\"><source type=\"audio\/mpeg\" src=\"http:\/\/zylannprods.fr\/audiosagas\/frite\/Frite_episode06.mp3?_=7\" \/><a href=\"http:\/\/zylannprods.fr\/audiosagas\/frite\/Frite_episode06.mp3\">http:\/\/zylannprods.fr\/audiosagas\/frite\/Frite_episode06.mp3<\/a><\/audio><br \/>\nSepti\u00e8me frite<br \/>\n<audio class=\"wp-audio-shortcode\" id=\"audio-453-8\" preload=\"none\" style=\"width: 100%;\" controls=\"controls\"><source type=\"audio\/mpeg\" src=\"http:\/\/zylannprods.fr\/audiosagas\/frite\/Frite_episode07.mp3?_=8\" \/><a href=\"http:\/\/zylannprods.fr\/audiosagas\/frite\/Frite_episode07.mp3\">http:\/\/zylannprods.fr\/audiosagas\/frite\/Frite_episode07.mp3<\/a><\/audio><br \/>\nHuiti\u00e8me frite<br \/>\n<audio class=\"wp-audio-shortcode\" id=\"audio-453-9\" preload=\"none\" style=\"width: 100%;\" controls=\"controls\"><source type=\"audio\/mpeg\" src=\"http:\/\/zylannprods.fr\/audiosagas\/frite\/Frite_episode08.mp3?_=9\" \/><a href=\"http:\/\/zylannprods.fr\/audiosagas\/frite\/Frite_episode08.mp3\">http:\/\/zylannprods.fr\/audiosagas\/frite\/Frite_episode08.mp3<\/a><\/audio><br \/>\nNeuvi\u00e8me frite<br \/>\n<audio class=\"wp-audio-shortcode\" id=\"audio-453-10\" preload=\"none\" style=\"width: 100%;\" controls=\"controls\"><source type=\"audio\/mpeg\" src=\"http:\/\/zylannprods.fr\/audiosagas\/frite\/Frite_episode09.mp3?_=10\" \/><a href=\"http:\/\/zylannprods.fr\/audiosagas\/frite\/Frite_episode09.mp3\">http:\/\/zylannprods.fr\/audiosagas\/frite\/Frite_episode09.mp3<\/a><\/audio><br \/>\nDixi\u00e8me frite<br \/>\n<audio class=\"wp-audio-shortcode\" id=\"audio-453-11\" preload=\"none\" style=\"width: 100%;\" controls=\"controls\"><source type=\"audio\/mpeg\" src=\"http:\/\/zylannprods.fr\/audiosagas\/frite\/Frite_episode10.mp3?_=11\" \/><a href=\"http:\/\/zylannprods.fr\/audiosagas\/frite\/Frite_episode10.mp3\">http:\/\/zylannprods.fr\/audiosagas\/frite\/Frite_episode10.mp3<\/a><\/audio><br \/>\nOnzi\u00e8me frite<br \/>\n<audio class=\"wp-audio-shortcode\" id=\"audio-453-12\" preload=\"none\" style=\"width: 100%;\" controls=\"controls\"><source type=\"audio\/mpeg\" src=\"http:\/\/zylannprods.fr\/audiosagas\/frite\/Frite_episode11.mp3?_=12\" \/><a href=\"http:\/\/zylannprods.fr\/audiosagas\/frite\/Frite_episode11.mp3\">http:\/\/zylannprods.fr\/audiosagas\/frite\/Frite_episode11.mp3<\/a><\/audio><br \/>\nDouzi\u00e8me frite<br \/>\n<audio class=\"wp-audio-shortcode\" id=\"audio-453-13\" preload=\"none\" style=\"width: 100%;\" controls=\"controls\"><source type=\"audio\/mpeg\" src=\"http:\/\/zylannprods.fr\/audiosagas\/frite\/Frite_episode12.mp3?_=13\" \/><a href=\"http:\/\/zylannprods.fr\/audiosagas\/frite\/Frite_episode12.mp3\">http:\/\/zylannprods.fr\/audiosagas\/frite\/Frite_episode12.mp3<\/a><\/audio><br \/>\nTreizi\u00e8me frite<br \/>\n<audio class=\"wp-audio-shortcode\" id=\"audio-453-14\" preload=\"none\" style=\"width: 100%;\" controls=\"controls\"><source type=\"audio\/mpeg\" src=\"http:\/\/zylannprods.fr\/audiosagas\/frite\/Frite_episode13.mp3?_=14\" \/><a href=\"http:\/\/zylannprods.fr\/audiosagas\/frite\/Frite_episode13.mp3\">http:\/\/zylannprods.fr\/audiosagas\/frite\/Frite_episode13.mp3<\/a><\/audio><br \/>\nQuatorzi\u00e8me frite<br \/>\n<audio class=\"wp-audio-shortcode\" id=\"audio-453-15\" preload=\"none\" style=\"width: 100%;\" controls=\"controls\"><source type=\"audio\/mpeg\" src=\"http:\/\/zylannprods.fr\/audiosagas\/frite\/Frite_episode14.mp3?_=15\" \/><a href=\"http:\/\/zylannprods.fr\/audiosagas\/frite\/Frite_episode14.mp3\">http:\/\/zylannprods.fr\/audiosagas\/frite\/Frite_episode14.mp3<\/a><\/audio><br \/>\nQuinzi\u00e8me frite<br \/>\n<audio class=\"wp-audio-shortcode\" id=\"audio-453-16\" preload=\"none\" style=\"width: 100%;\" controls=\"controls\"><source type=\"audio\/mpeg\" src=\"http:\/\/zylannprods.fr\/audiosagas\/frite\/Frite_episode15.mp3?_=16\" \/><a href=\"http:\/\/zylannprods.fr\/audiosagas\/frite\/Frite_episode15.mp3\">http:\/\/zylannprods.fr\/audiosagas\/frite\/Frite_episode15.mp3<\/a><\/audio><br \/>\nSeizi\u00e8me frite<br \/>\n<audio class=\"wp-audio-shortcode\" id=\"audio-453-17\" preload=\"none\" style=\"width: 100%;\" controls=\"controls\"><source type=\"audio\/mpeg\" src=\"http:\/\/zylannprods.fr\/audiosagas\/frite\/Frite_episode16.mp3?_=17\" \/><a href=\"http:\/\/zylannprods.fr\/audiosagas\/frite\/Frite_episode16.mp3\">http:\/\/zylannprods.fr\/audiosagas\/frite\/Frite_episode16.mp3<\/a><\/audio><br \/>\nDix-septi\u00e8me frite<br \/>\n<audio class=\"wp-audio-shortcode\" id=\"audio-453-18\" preload=\"none\" style=\"width: 100%;\" controls=\"controls\"><source type=\"audio\/mpeg\" src=\"http:\/\/zylannprods.fr\/audiosagas\/frite\/Frite_episode17.mp3?_=18\" \/><a href=\"http:\/\/zylannprods.fr\/audiosagas\/frite\/Frite_episode17.mp3\">http:\/\/zylannprods.fr\/audiosagas\/frite\/Frite_episode17.mp3<\/a><\/audio><br \/>\nDix-huiti\u00e8me frite<br \/>\n<audio class=\"wp-audio-shortcode\" id=\"audio-453-19\" preload=\"none\" style=\"width: 100%;\" controls=\"controls\"><source type=\"audio\/mpeg\" src=\"http:\/\/zylannprods.fr\/audiosagas\/frite\/Frite_episode18.mp3?_=19\" \/><a href=\"http:\/\/zylannprods.fr\/audiosagas\/frite\/Frite_episode18.mp3\">http:\/\/zylannprods.fr\/audiosagas\/frite\/Frite_episode18.mp3<\/a><\/audio><br \/>\nDix-neuvi\u00e8me frite<br \/>\n<audio class=\"wp-audio-shortcode\" id=\"audio-453-20\" preload=\"none\" style=\"width: 100%;\" controls=\"controls\"><source type=\"audio\/mpeg\" src=\"http:\/\/zylannprods.fr\/audiosagas\/frite\/Frite_episode19.mp3?_=20\" \/><a href=\"http:\/\/zylannprods.fr\/audiosagas\/frite\/Frite_episode19.mp3\">http:\/\/zylannprods.fr\/audiosagas\/frite\/Frite_episode19.mp3<\/a><\/audio><br \/>\nVingti\u00e8me frite<br \/>\n<audio class=\"wp-audio-shortcode\" id=\"audio-453-21\" preload=\"none\" style=\"width: 100%;\" controls=\"controls\"><source type=\"audio\/mpeg\" src=\"http:\/\/zylannprods.fr\/audiosagas\/frite\/Frite_episode20.mp3?_=21\" \/><a href=\"http:\/\/zylannprods.fr\/audiosagas\/frite\/Frite_episode20.mp3\">http:\/\/zylannprods.fr\/audiosagas\/frite\/Frite_episode20.mp3<\/a><\/audio><br \/>\nTwenty-first frie<br \/>\n<audio class=\"wp-audio-shortcode\" id=\"audio-453-22\" preload=\"none\" style=\"width: 100%;\" controls=\"controls\"><source type=\"audio\/mpeg\" src=\"http:\/\/zylannprods.fr\/audiosagas\/frite\/Frite_episode21en.mp3?_=22\" \/><a href=\"http:\/\/zylannprods.fr\/audiosagas\/frite\/Frite_episode21en.mp3\">http:\/\/zylannprods.fr\/audiosagas\/frite\/Frite_episode21en.mp3<\/a><\/audio><br \/>\nVingt-et-uni\u00e8me frite<br \/>\n<audio class=\"wp-audio-shortcode\" id=\"audio-453-23\" preload=\"none\" style=\"width: 100%;\" controls=\"controls\"><source type=\"audio\/mpeg\" src=\"http:\/\/zylannprods.fr\/audiosagas\/frite\/Frite_episode21fr.mp3?_=23\" \/><a href=\"http:\/\/zylannprods.fr\/audiosagas\/frite\/Frite_episode21fr.mp3\">http:\/\/zylannprods.fr\/audiosagas\/frite\/Frite_episode21fr.mp3<\/a><\/audio><br \/>\nVingt-deuxi\u00e8me frite<br \/>\n<audio class=\"wp-audio-shortcode\" id=\"audio-453-24\" preload=\"none\" style=\"width: 100%;\" controls=\"controls\"><source type=\"audio\/mpeg\" src=\"http:\/\/zylannprods.fr\/audiosagas\/frite\/Frite_episode22.mp3?_=24\" \/><a href=\"http:\/\/zylannprods.fr\/audiosagas\/frite\/Frite_episode22.mp3\">http:\/\/zylannprods.fr\/audiosagas\/frite\/Frite_episode22.mp3<\/a><\/audio><br \/>\nVingt-troisi\u00e8me frite<br \/>\n<audio class=\"wp-audio-shortcode\" id=\"audio-453-25\" preload=\"none\" style=\"width: 100%;\" controls=\"controls\"><source type=\"audio\/mpeg\" src=\"http:\/\/zylannprods.fr\/audiosagas\/frite\/Frite_episode23.mp3?_=25\" \/><a href=\"http:\/\/zylannprods.fr\/audiosagas\/frite\/Frite_episode23.mp3\">http:\/\/zylannprods.fr\/audiosagas\/frite\/Frite_episode23.mp3<\/a><\/audio><br \/>\nVingt-quatri\u00e8me frite<br \/>\n<audio class=\"wp-audio-shortcode\" id=\"audio-453-26\" preload=\"none\" style=\"width: 100%;\" controls=\"controls\"><source type=\"audio\/mpeg\" src=\"http:\/\/zylannprods.fr\/audiosagas\/frite\/Frite_episode24.mp3?_=26\" \/><a href=\"http:\/\/zylannprods.fr\/audiosagas\/frite\/Frite_episode24.mp3\">http:\/\/zylannprods.fr\/audiosagas\/frite\/Frite_episode24.mp3<\/a><\/audio><br \/>\nVingt-cinqui\u00e8me frite mal cuite<br \/>\n<audio class=\"wp-audio-shortcode\" id=\"audio-453-27\" preload=\"none\" style=\"width: 100%;\" controls=\"controls\"><source type=\"audio\/mpeg\" src=\"http:\/\/zylannprods.fr\/audiosagas\/frite\/Frite_episode25b.mp3?_=27\" \/><a href=\"http:\/\/zylannprods.fr\/audiosagas\/frite\/Frite_episode25b.mp3\">http:\/\/zylannprods.fr\/audiosagas\/frite\/Frite_episode25b.mp3<\/a><\/audio><br \/>\nVingt-cinqui\u00e8me frite<br \/>\n<audio class=\"wp-audio-shortcode\" id=\"audio-453-28\" preload=\"none\" style=\"width: 100%;\" controls=\"controls\"><source type=\"audio\/mpeg\" src=\"http:\/\/zylannprods.fr\/audiosagas\/frite\/Frite_episode25.mp3?_=28\" \/><a href=\"http:\/\/zylannprods.fr\/audiosagas\/frite\/Frite_episode25.mp3\">http:\/\/zylannprods.fr\/audiosagas\/frite\/Frite_episode25.mp3<\/a><\/audio><br \/>\nVingt-sixi\u00e8me frite<br \/>\n<audio class=\"wp-audio-shortcode\" id=\"audio-453-29\" preload=\"none\" style=\"width: 100%;\" controls=\"controls\"><source type=\"audio\/mpeg\" src=\"http:\/\/zylannprods.fr\/audiosagas\/frite\/Frite_episode26.mp3?_=29\" \/><a href=\"http:\/\/zylannprods.fr\/audiosagas\/frite\/Frite_episode26.mp3\">http:\/\/zylannprods.fr\/audiosagas\/frite\/Frite_episode26.mp3<\/a><\/audio><br \/>\nVingt-septi\u00e8me frite<br \/>\n<audio class=\"wp-audio-shortcode\" id=\"audio-453-30\" preload=\"none\" style=\"width: 100%;\" controls=\"controls\"><source type=\"audio\/mpeg\" src=\"http:\/\/zylannprods.fr\/audiosagas\/frite\/Frite_episode27.mp3?_=30\" \/><a href=\"http:\/\/zylannprods.fr\/audiosagas\/frite\/Frite_episode27.mp3\">http:\/\/zylannprods.fr\/audiosagas\/frite\/Frite_episode27.mp3<\/a><\/audio><br \/>\nVingt-huiti\u00e8me frite<br \/>\n<audio class=\"wp-audio-shortcode\" id=\"audio-453-31\" preload=\"none\" style=\"width: 100%;\" controls=\"controls\"><source type=\"audio\/mpeg\" src=\"http:\/\/zylannprods.fr\/audiosagas\/frite\/Frite_episode28.mp3?_=31\" \/><a href=\"http:\/\/zylannprods.fr\/audiosagas\/frite\/Frite_episode28.mp3\">http:\/\/zylannprods.fr\/audiosagas\/frite\/Frite_episode28.mp3<\/a><\/audio><\/p>\n<p>&nbsp;<\/p>\n<p><a class=\"download-link\" title=\"\n\t\" href=\"https:\/\/www.zylannprods.fr\/fr\/download\/seconde-frite\/?tmstv=1777664049\" rel=\"nofollow\">\n\tSeconde frite\t(2210 t\u00e9l\u00e9chargements)\n<\/a>\n<br \/>\n<a class=\"download-link\" title=\"\n\t\" href=\"https:\/\/www.zylannprods.fr\/fr\/download\/troisieme-frite\/?tmstv=1777664049\" rel=\"nofollow\">\n\tTroisi\u00e8me frite\t(2171 t\u00e9l\u00e9chargements)\n<\/a>\n<br \/>\n<a class=\"download-link\" title=\"\n\t\" href=\"https:\/\/www.zylannprods.fr\/fr\/download\/quatrieme-frite\/?tmstv=1777664049\" rel=\"nofollow\">\n\tQuatri\u00e8me frite\t(2066 t\u00e9l\u00e9chargements)\n<\/a>\n<br \/>\n<a class=\"download-link\" title=\"\n\t\" href=\"https:\/\/www.zylannprods.fr\/fr\/download\/cinquieme-frite\/?tmstv=1777664049\" rel=\"nofollow\">\n\tCinqui\u00e8me frite\t(2204 t\u00e9l\u00e9chargements)\n<\/a>\n<br \/>\n<a class=\"download-link\" title=\"\n\t\" href=\"https:\/\/www.zylannprods.fr\/fr\/download\/sixieme-frite\/?tmstv=1777664049\" rel=\"nofollow\">\n\tSixi\u00e8me frite\t(2180 t\u00e9l\u00e9chargements)\n<\/a>\n<br \/>\n<a class=\"download-link\" title=\"\n\t\" href=\"https:\/\/www.zylannprods.fr\/fr\/download\/septieme-frite\/?tmstv=1777664049\" rel=\"nofollow\">\n\tSepti\u00e8me frite\t(2108 t\u00e9l\u00e9chargements)\n<\/a>\n<br \/>\n<a class=\"download-link\" title=\"\n\t\" href=\"https:\/\/www.zylannprods.fr\/fr\/download\/huitieme-frite\/?tmstv=1777664049\" rel=\"nofollow\">\n\tHuiti\u00e8me frite\t(2046 t\u00e9l\u00e9chargements)\n<\/a>\n<br \/>\n<a class=\"download-link\" title=\"\n\t\" href=\"https:\/\/www.zylannprods.fr\/fr\/download\/neuvieme-frite\/?tmstv=1777664049\" rel=\"nofollow\">\n\tNeuvi\u00e8me frite\t(2043 t\u00e9l\u00e9chargements)\n<\/a>\n<br \/>\n<a class=\"download-link\" title=\"\n\t\" href=\"https:\/\/www.zylannprods.fr\/fr\/download\/dixieme-frite\/?tmstv=1777664049\" rel=\"nofollow\">\n\tDixi\u00e8me frite\t(2064 t\u00e9l\u00e9chargements)\n<\/a>\n<br \/>\n<a class=\"download-link\" title=\"\n\t\" href=\"https:\/\/www.zylannprods.fr\/fr\/download\/onzieme-frite\/?tmstv=1777664049\" rel=\"nofollow\">\n\tOnzi\u00e8me frite\t(2150 t\u00e9l\u00e9chargements)\n<\/a>\n<br \/>\n<a class=\"download-link\" title=\"\n\t\" href=\"https:\/\/www.zylannprods.fr\/fr\/download\/douzieme-frite\/?tmstv=1777664049\" rel=\"nofollow\">\n\tDouzi\u00e8me frite\t(2190 t\u00e9l\u00e9chargements)\n<\/a>\n<br \/>\n<a class=\"download-link\" title=\"\n\t\" href=\"https:\/\/www.zylannprods.fr\/fr\/download\/treizieme-frite\/?tmstv=1777664049\" rel=\"nofollow\">\n\tTreizi\u00e8me frite\t(2083 t\u00e9l\u00e9chargements)\n<\/a>\n<br \/>\n<a class=\"download-link\" title=\"\n\t\" href=\"https:\/\/www.zylannprods.fr\/fr\/download\/quatorzieme-frite\/?tmstv=1777664049\" rel=\"nofollow\">\n\tQuatorzi\u00e8me frite\t(2093 t\u00e9l\u00e9chargements)\n<\/a>\n<br \/>\n<a class=\"download-link\" title=\"\n\t\" href=\"https:\/\/www.zylannprods.fr\/fr\/download\/quinzieme-frite\/?tmstv=1777664049\" rel=\"nofollow\">\n\tQuinzi\u00e8me frite\t(2044 t\u00e9l\u00e9chargements)\n<\/a>\n<br \/>\n<a class=\"download-link\" title=\"\n\t\" href=\"https:\/\/www.zylannprods.fr\/fr\/download\/seizieme-frite\/?tmstv=1777664049\" rel=\"nofollow\">\n\tSeizi\u00e8me frite\t(2201 t\u00e9l\u00e9chargements)\n<\/a>\n<br \/>\n<a class=\"download-link\" title=\"\n\t\" href=\"https:\/\/www.zylannprods.fr\/fr\/download\/dix-septieme-frite\/?tmstv=1777664049\" rel=\"nofollow\">\n\tDix-septi\u00e8me frite\t(2093 t\u00e9l\u00e9chargements)\n<\/a>\n<br \/>\n<a class=\"download-link\" title=\"\n\t\" href=\"https:\/\/www.zylannprods.fr\/fr\/download\/dix-huitieme-frite\/?tmstv=1777664049\" rel=\"nofollow\">\n\tDix-huiti\u00e8me frite\t(2084 t\u00e9l\u00e9chargements)\n<\/a>\n<br \/>\n<a class=\"download-link\" title=\"\n\t\" href=\"https:\/\/www.zylannprods.fr\/fr\/download\/dix-neuvieme-frite\/?tmstv=1777664049\" rel=\"nofollow\">\n\tDix-neuvi\u00e8me frite\t(2125 t\u00e9l\u00e9chargements)\n<\/a>\n<br \/>\n<a class=\"download-link\" title=\"\n\t\" href=\"https:\/\/www.zylannprods.fr\/fr\/download\/vingtieme-frite\/?tmstv=1777664049\" rel=\"nofollow\">\n\tVingti\u00e8me frite\t(2088 t\u00e9l\u00e9chargements)\n<\/a>\n<br \/>\n<a class=\"download-link\" title=\"\n\t\" href=\"https:\/\/www.zylannprods.fr\/fr\/download\/twenty-first-frie\/?tmstv=1777664049\" rel=\"nofollow\">\n\tTwenty-first frie\t(2171 t\u00e9l\u00e9chargements)\n<\/a>\n<br \/>\n<a class=\"download-link\" title=\"\n\t\" href=\"https:\/\/www.zylannprods.fr\/fr\/download\/vingt-et-unieme-frite\/?tmstv=1777664049\" rel=\"nofollow\">\n\tVingt-et-uni\u00e8me frite\t(2116 t\u00e9l\u00e9chargements)\n<\/a>\n<br \/>\n<a class=\"download-link\" title=\"\n\t\" href=\"https:\/\/www.zylannprods.fr\/fr\/download\/vingt-deuxieme-frite\/?tmstv=1777664049\" rel=\"nofollow\">\n\tVingt-deuxi\u00e8me frite\t(2082 t\u00e9l\u00e9chargements)\n<\/a>\n<br \/>\n<a class=\"download-link\" title=\"\n\t\" href=\"https:\/\/www.zylannprods.fr\/fr\/download\/vingt-troisieme-frite\/?tmstv=1777664049\" rel=\"nofollow\">\n\tVingt-troisi\u00e8me frite\t(1991 t\u00e9l\u00e9chargements)\n<\/a>\n<br \/>\n<a class=\"download-link\" title=\"\n\t\" href=\"https:\/\/www.zylannprods.fr\/fr\/download\/vingt-quatrieme-frite\/?tmstv=1777664049\" rel=\"nofollow\">\n\tVingt-quatri\u00e8me frite\t(2069 t\u00e9l\u00e9chargements)\n<\/a>\n<br \/>\n<a class=\"download-link\" title=\"\n\t\" href=\"https:\/\/www.zylannprods.fr\/fr\/download\/vingt-cinquieme-frite-mal-cuite\/?tmstv=1777664049\" rel=\"nofollow\">\n\tVingt-cinqui\u00e8me frite mal cuite\t(2302 t\u00e9l\u00e9chargements)\n<\/a>\n<br \/>\n<a class=\"download-link\" title=\"\n\t\" href=\"https:\/\/www.zylannprods.fr\/fr\/download\/vingt-cinquieme-frite\/?tmstv=1777664049\" rel=\"nofollow\">\n\tVingt-cinqui\u00e8me frite\t(2007 t\u00e9l\u00e9chargements)\n<\/a>\n<br \/>\n<a class=\"download-link\" title=\"\n\t\" href=\"https:\/\/www.zylannprods.fr\/fr\/download\/vingt-sixieme-frite\/?tmstv=1777664049\" rel=\"nofollow\">\n\tVingt-sixi\u00e8me frite\t(2119 t\u00e9l\u00e9chargements)\n<\/a>\n<br \/>\n<a class=\"download-link\" title=\"\n\t\" href=\"https:\/\/www.zylannprods.fr\/fr\/download\/vingt-septieme-frite\/?tmstv=1777664049\" rel=\"nofollow\">\n\tVingt-septi\u00e8me frite\t(2079 t\u00e9l\u00e9chargements)\n<\/a>\n<br \/>\n<a class=\"download-link\" title=\"\n\t\" href=\"https:\/\/www.zylannprods.fr\/fr\/download\/derniere-frite\/?tmstv=1777664049\" rel=\"nofollow\">\n\tDerni\u00e8re frite\t(1997 t\u00e9l\u00e9chargements)\n<\/a>\n<\/p>\n<p>&nbsp;<\/p>\n","protected":false},"excerpt":{"rendered":"<p>FRITE, une saga cuite \u00e0 point, \u00e9crite par Cladall et r\u00e9alis\u00e9e par moi-m\u00eame. Avertissement: nous d\u00e9clinons toute responsabilit\u00e9 pour toute<\/p>\n","protected":false},"author":1,"featured_media":0,"parent":41,"menu_order":0,"comment_status":"open","ping_status":"open","template":"","meta":[],"_links":{"self":[{"href":"https:\/\/www.zylannprods.fr\/fr\/wp-json\/wp\/v2\/pages\/453"}],"collection":[{"href":"https:\/\/www.zylannprods.fr\/fr\/wp-json\/wp\/v2\/pages"}],"about":[{"href":"https:\/\/www.zylannprods.fr\/fr\/wp-json\/wp\/v2\/types\/page"}],"author":[{"embeddable":true,"href":"https:\/\/www.zylannprods.fr\/fr\/wp-json\/wp\/v2\/users\/1"}],"replies":[{"embeddable":true,"href":"https:\/\/www.zylannprods.fr\/fr\/wp-json\/wp\/v2\/comments?post=453"}],"version-history":[{"count":8,"href":"https:\/\/www.zylannprods.fr\/fr\/wp-json\/wp\/v2\/pages\/453\/revisions"}],"predecessor-version":[{"id":1371,"href":"https:\/\/www.zylannprods.fr\/fr\/wp-json\/wp\/v2\/pages\/453\/revisions\/1371"}],"up":[{"embeddable":true,"href":"https:\/\/www.zylannprods.fr\/fr\/wp-json\/wp\/v2\/pages\/41"}],"wp:attachment":[{"href":"https:\/\/www.zylannprods.fr\/fr\/wp-json\/wp\/v2\/media?parent=453"}],"curies":[{"name":"wp","href":"https:\/\/api.w.org\/{rel}","templated":true}]}}