{"id":461,"date":"2013-08-05T00:10:36","date_gmt":"2013-08-04T23:10:36","guid":{"rendered":"http:\/\/www.zylannprods.fr\/fr\/?page_id=461"},"modified":"2013-11-13T22:08:00","modified_gmt":"2013-11-13T21:08:00","slug":"code-lyok-ouille","status":"publish","type":"page","link":"https:\/\/www.zylannprods.fr\/fr\/fictions-audio\/sagas-des-copains\/code-lyok-ouille\/","title":{"rendered":"Code Lyok&#8230; Ouille"},"content":{"rendered":"<p>Un destroyage parodique radiophonique de Code Lyoko \u00e9crite \u00e0 la machete, dans lequel je joue des r\u00f4les et participe au sc\u00e9nario !<\/p>\n<p>Vous pouvez \u00e9couter les \u00e9pisodes ici : <a title=\"http:\/\/www.kradukman-production.com\/code-lyok-ouille\/\" href=\"http:\/\/www.kradukman-production.com\/code-lyok-ouille\/\" target=\"_blank\">http:\/\/www.kradukman-production.com\/code-lyok-ouille\/<\/a><\/p>\n<h2>Code Lyok Ouille aux Joutes du T\u00e9m\u00e9raire 2013<\/h2>\n<p><a href=\"https:\/\/www.zylannprods.fr\/fr\/wp-content\/uploads\/2013\/11\/code_lyok_stand_2.jpg\"><img loading=\"lazy\" class=\"aligncenter size-full wp-image-658\" alt=\"code_lyok_stand_2\" src=\"https:\/\/www.zylannprods.fr\/fr\/wp-content\/uploads\/2013\/11\/code_lyok_stand_2.jpg\" width=\"844\" height=\"425\" srcset=\"https:\/\/www.zylannprods.fr\/fr\/wp-content\/uploads\/2013\/11\/code_lyok_stand_2.jpg 844w, https:\/\/www.zylannprods.fr\/fr\/wp-content\/uploads\/2013\/11\/code_lyok_stand_2-300x151.jpg 300w\" sizes=\"(max-width: 844px) 100vw, 844px\" \/><\/a>Si vous \u00e9tiez \u00e0 Nancy le 9 ou 10 novembre 2013, vous avez probablement pu vous procurer une disquette collector contenant un vrai jeu cod\u00e9 en Java. Si vous n&rsquo;y \u00e9tiez pas, eh bien c&rsquo;est dommage pour vous, HAHAHAHA !<br \/>\nNon je plaisante, vous pouvez r\u00e9cup\u00e9rer le <a href=\"http:\/\/zylannprods.fr\/games\/clo\/CLO_joutes_2013.zip\">contenu de la disquette ici<\/a> \ud83d\ude09<\/p>\n<p>&nbsp;<\/p>\n","protected":false},"excerpt":{"rendered":"<p>Un destroyage parodique radiophonique de Code Lyoko \u00e9crite \u00e0 la machete, dans lequel je joue des r\u00f4les et participe au<\/p>\n","protected":false},"author":1,"featured_media":0,"parent":440,"menu_order":0,"comment_status":"open","ping_status":"open","template":"","meta":[],"_links":{"self":[{"href":"https:\/\/www.zylannprods.fr\/fr\/wp-json\/wp\/v2\/pages\/461"}],"collection":[{"href":"https:\/\/www.zylannprods.fr\/fr\/wp-json\/wp\/v2\/pages"}],"about":[{"href":"https:\/\/www.zylannprods.fr\/fr\/wp-json\/wp\/v2\/types\/page"}],"author":[{"embeddable":true,"href":"https:\/\/www.zylannprods.fr\/fr\/wp-json\/wp\/v2\/users\/1"}],"replies":[{"embeddable":true,"href":"https:\/\/www.zylannprods.fr\/fr\/wp-json\/wp\/v2\/comments?post=461"}],"version-history":[{"count":5,"href":"https:\/\/www.zylannprods.fr\/fr\/wp-json\/wp\/v2\/pages\/461\/revisions"}],"predecessor-version":[{"id":463,"href":"https:\/\/www.zylannprods.fr\/fr\/wp-json\/wp\/v2\/pages\/461\/revisions\/463"}],"up":[{"embeddable":true,"href":"https:\/\/www.zylannprods.fr\/fr\/wp-json\/wp\/v2\/pages\/440"}],"wp:attachment":[{"href":"https:\/\/www.zylannprods.fr\/fr\/wp-json\/wp\/v2\/media?parent=461"}],"curies":[{"name":"wp","href":"https:\/\/api.w.org\/{rel}","templated":true}]}}