{"id":47,"date":"2013-03-01T04:03:24","date_gmt":"2013-03-01T03:03:24","guid":{"rendered":"http:\/\/www.zylannprods.fr\/fr\/?page_id=47"},"modified":"2013-05-26T15:03:11","modified_gmt":"2013-05-26T14:03:11","slug":"project","status":"publish","type":"page","link":"https:\/\/www.zylannprods.fr\/fr\/musique\/project\/","title":{"rendered":"Project"},"content":{"rendered":"<p><iframe loading=\"lazy\" width=\"100%\" height=\"450\" scrolling=\"no\" frameborder=\"no\" src=\"https:\/\/w.soundcloud.com\/player\/?url=http%3A%2F%2Fapi.soundcloud.com%2Fplaylists%2F2177661&amp;color=ff6600&amp;auto_play=false&amp;show_artwork=true\"><\/iframe><\/p>\n<p>Voici Project, un album de musique \u00e9lectronique en cours de r\u00e9alisation. Je r\u00e9alise toutes ces musiques avec une seule contrainte : n&rsquo;utiliser que des instruments virtuels gratuits. Je crois sinc\u00e8rement qu&rsquo;on a pas besoin de logiciels sophistiqu\u00e9s ou des instruments \u00ab\u00a0pro\u00a0\u00bb (et chers) pour r\u00e9aliser de belles cr\u00e9ations.<br \/>\nVive l&rsquo;exp\u00e9rimentation !<\/p>\n","protected":false},"excerpt":{"rendered":"<p>Voici Project, un album de musique \u00e9lectronique en cours de r\u00e9alisation. Je r\u00e9alise toutes ces musiques avec une seule contrainte<\/p>\n","protected":false},"author":1,"featured_media":0,"parent":17,"menu_order":1,"comment_status":"open","ping_status":"open","template":"","meta":[],"_links":{"self":[{"href":"https:\/\/www.zylannprods.fr\/fr\/wp-json\/wp\/v2\/pages\/47"}],"collection":[{"href":"https:\/\/www.zylannprods.fr\/fr\/wp-json\/wp\/v2\/pages"}],"about":[{"href":"https:\/\/www.zylannprods.fr\/fr\/wp-json\/wp\/v2\/types\/page"}],"author":[{"embeddable":true,"href":"https:\/\/www.zylannprods.fr\/fr\/wp-json\/wp\/v2\/users\/1"}],"replies":[{"embeddable":true,"href":"https:\/\/www.zylannprods.fr\/fr\/wp-json\/wp\/v2\/comments?post=47"}],"version-history":[{"count":6,"href":"https:\/\/www.zylannprods.fr\/fr\/wp-json\/wp\/v2\/pages\/47\/revisions"}],"predecessor-version":[{"id":300,"href":"https:\/\/www.zylannprods.fr\/fr\/wp-json\/wp\/v2\/pages\/47\/revisions\/300"}],"up":[{"embeddable":true,"href":"https:\/\/www.zylannprods.fr\/fr\/wp-json\/wp\/v2\/pages\/17"}],"wp:attachment":[{"href":"https:\/\/www.zylannprods.fr\/fr\/wp-json\/wp\/v2\/media?parent=47"}],"curies":[{"name":"wp","href":"https:\/\/api.w.org\/{rel}","templated":true}]}}