{"id":76,"date":"2013-03-03T18:29:20","date_gmt":"2013-03-03T17:29:20","guid":{"rendered":"http:\/\/www.zylannprods.fr\/fr\/?page_id=76"},"modified":"2013-03-03T18:35:04","modified_gmt":"2013-03-03T17:35:04","slug":"bp-is-dropping","status":"publish","type":"page","link":"https:\/\/www.zylannprods.fr\/fr\/jeux-video\/game-jams-speed-dev\/bp-is-dropping\/","title":{"rendered":"BP is Dropping"},"content":{"rendered":"<p><a href=\"https:\/\/www.zylannprods.fr\/fr\/wp-content\/uploads\/2013\/03\/bp_is_dropping_screenshot.png\"><img loading=\"lazy\" class=\"alignnone size-full wp-image-77\" alt=\"bp_is_dropping_screenshot\" src=\"https:\/\/www.zylannprods.fr\/fr\/wp-content\/uploads\/2013\/03\/bp_is_dropping_screenshot.png\" width=\"963\" height=\"719\" srcset=\"https:\/\/www.zylannprods.fr\/fr\/wp-content\/uploads\/2013\/03\/bp_is_dropping_screenshot.png 963w, https:\/\/www.zylannprods.fr\/fr\/wp-content\/uploads\/2013\/03\/bp_is_dropping_screenshot-300x223.png 300w\" sizes=\"(max-width: 963px) 100vw, 963px\" \/><\/a><\/p>\n<p>BP is Dropping est un jeu r\u00e9alis\u00e9 en 48h pour la <strong>Global Game Jam<\/strong> 2013, dont le th\u00e8me \u00e9tait un battement de coeur.<\/p>\n<p>Vous contr\u00f4lez un personnage vu de haut, dont vous entendez les battements de coeur. L&rsquo;univers est rempli de cases al\u00e9atoires. Certaines contiennent un petit monde qui va influer sur l&rsquo;\u00e9motion du personnage en faisant monter ou descendre son rythme cardiaque. Le but est d&rsquo;\u00e9quilibrer son coeur alors que les cases tombent sous vos pieds.<br \/>\nChaque petit monde poss\u00e8de sa propre musique et ambiance, que j&rsquo;ai compos\u00e9 \u00e0 l&rsquo;aide de freewares.<\/p>\n<h2>Notre \u00e9quipe : Chips Salade (et Nescaf\u00e9) !<\/h2>\n<p><a href=\"http:\/\/sergeymohov.com\/\" target=\"_blank\">Sergey Mohov<\/a> : Game Design et programmation Unity JS<br \/>\n<a href=\"http:\/\/okzoniom.fr\/\" target=\"_blank\">Louis Schnellbach<\/a> : Programmation Unity C#<br \/>\nMarc Gilleron (Zylann) : Sound design, un peu de graphismes et de d\u00e9buggage lors du rush final.<br \/>\n<a href=\"http:\/\/www.linkedin.com\/profile\/view?id=227957623&amp;trk=tab_pro\">L\u00e9a Sauger<\/a> : Graphismes<\/p>\n<h2>Jouer !<\/h2>\n<p><a title=\"Play on Kongregate\" href=\"http:\/\/www.kongregate.com\/games\/sergeymohov\/bp-is-dropping\" target=\"_blank\">Sur Kongregate<\/a>, ou sur le site de la <a href=\"http:\/\/globalgamejam.org\/2013\/bp-dropping\" target=\"_blank\">Global Game Jam<\/a>.<\/p>\n<h2>Bande son<\/h2>\n<p><iframe loading=\"lazy\" width=\"100%\" height=\"166\" scrolling=\"no\" frameborder=\"no\" src=\"https:\/\/w.soundcloud.com\/player\/?url=http%3A%2F%2Fapi.soundcloud.com%2Ftracks%2F77542493&amp;color=ff6600&amp;auto_play=false&amp;show_artwork=true\"><\/iframe><br \/>\nVive les pandas roux !<\/p>\n","protected":false},"excerpt":{"rendered":"<p>BP is Dropping est un jeu r\u00e9alis\u00e9 en 48h pour la Global Game Jam 2013, dont le th\u00e8me \u00e9tait un<\/p>\n","protected":false},"author":1,"featured_media":0,"parent":32,"menu_order":1,"comment_status":"open","ping_status":"open","template":"","meta":[],"_links":{"self":[{"href":"https:\/\/www.zylannprods.fr\/fr\/wp-json\/wp\/v2\/pages\/76"}],"collection":[{"href":"https:\/\/www.zylannprods.fr\/fr\/wp-json\/wp\/v2\/pages"}],"about":[{"href":"https:\/\/www.zylannprods.fr\/fr\/wp-json\/wp\/v2\/types\/page"}],"author":[{"embeddable":true,"href":"https:\/\/www.zylannprods.fr\/fr\/wp-json\/wp\/v2\/users\/1"}],"replies":[{"embeddable":true,"href":"https:\/\/www.zylannprods.fr\/fr\/wp-json\/wp\/v2\/comments?post=76"}],"version-history":[{"count":8,"href":"https:\/\/www.zylannprods.fr\/fr\/wp-json\/wp\/v2\/pages\/76\/revisions"}],"predecessor-version":[{"id":80,"href":"https:\/\/www.zylannprods.fr\/fr\/wp-json\/wp\/v2\/pages\/76\/revisions\/80"}],"up":[{"embeddable":true,"href":"https:\/\/www.zylannprods.fr\/fr\/wp-json\/wp\/v2\/pages\/32"}],"wp:attachment":[{"href":"https:\/\/www.zylannprods.fr\/fr\/wp-json\/wp\/v2\/media?parent=76"}],"curies":[{"name":"wp","href":"https:\/\/api.w.org\/{rel}","templated":true}]}}