{"id":86,"date":"2013-03-03T18:50:00","date_gmt":"2013-03-03T17:50:00","guid":{"rendered":"http:\/\/www.zylannprods.fr\/fr\/?page_id=86"},"modified":"2013-03-03T19:02:31","modified_gmt":"2013-03-03T18:02:31","slug":"chasm","status":"publish","type":"page","link":"https:\/\/www.zylannprods.fr\/fr\/jeux-video\/game-jams-speed-dev\/chasm\/","title":{"rendered":"Chasm"},"content":{"rendered":"<p><a href=\"https:\/\/www.zylannprods.fr\/fr\/wp-content\/uploads\/2013\/03\/splash.jpg\"><img loading=\"lazy\" class=\"alignnone size-full wp-image-89\" alt=\"splash\" src=\"https:\/\/www.zylannprods.fr\/fr\/wp-content\/uploads\/2013\/03\/splash.jpg\" width=\"1000\" height=\"750\" srcset=\"https:\/\/www.zylannprods.fr\/fr\/wp-content\/uploads\/2013\/03\/splash.jpg 1000w, https:\/\/www.zylannprods.fr\/fr\/wp-content\/uploads\/2013\/03\/splash-300x225.jpg 300w\" sizes=\"(max-width: 1000px) 100vw, 1000px\" \/><\/a><\/p>\n<p>Chasm est un jeu r\u00e9alis\u00e9 pour l&rsquo;<a href=\"http:\/\/www.indiespeedrun.com\/\" target=\"_blank\">Indie Speedrun<\/a> 2012-2013. J&rsquo;\u00e9tais programmeur dans une \u00e9quipe de 4, et on a termin\u00e9 le jeu en 48 heures, comme le veux la r\u00e8gle ! Et apr\u00e8s on a dormi.<br \/>\nDans Chasm, vous devez g\u00e9rer un \u00e9quipage de sous-mariniers plus que douteux, ainsi qu&rsquo;un prisonnier qui fera tout pour semer le trouble parmi eux&#8230; Arriverez-vous au terme du p\u00e9riple indemnes?<\/p>\n<h2>Notre \u00e9quipe : NINJAM !<\/h2>\n<p><strong>Aur\u00e9lien Lefran\u00e7ois<\/strong> : game design et sound design,<br \/>\n<strong>Mathieu Chailloux<\/strong> : graphismes,<br \/>\n<strong>Emmanuel Corno<\/strong> : game design et programmation,<br \/>\n<strong>Marc Gilleron (Zylann)<\/strong> : programmeur<\/p>\n<p>Remerciements \u00e0 Elizabeth Maler et Mich\u00e8le Kopf pour avoir pr\u00eat\u00e9 leur voix aux personnages et avoir particip\u00e9 aux playtests !<\/p>\n<h2>Jouer !<\/h2>\n<p><a href=\"http:\/\/isr2012.s3.amazonaws.com\/games\/197_Chasm.zip\">T\u00e9l\u00e9charger pour Windows<\/a> et double-cliquer sur run.bat,<br \/>\nT\u00e9l\u00e9charger pour Mac OSX (pas encore disponible),<br \/>\nOu <a href=\"http:\/\/zylannprods.fr\/games\/chasm\/\">jouer dans la navigateur<\/a>.<br \/>\nJava est requis pour que le jeu fonctionne.<\/p>\n<p>Note : \u00e0 la fin de chaque partie, le jeu s&rsquo;arr\u00eate. C&rsquo;est normal. On a rush\u00e9 comme des fous sur la fin, on a trouv\u00e9 un bug, et c&rsquo;\u00e9tait \u00e7a ou faire planter le jeu : il suffit de le relancer ou d&rsquo;actualiser la page web.<\/p>\n","protected":false},"excerpt":{"rendered":"<p>Chasm est un jeu r\u00e9alis\u00e9 pour l&rsquo;Indie Speedrun 2012-2013. J&rsquo;\u00e9tais programmeur dans une \u00e9quipe de 4, et on a termin\u00e9<\/p>\n","protected":false},"author":1,"featured_media":0,"parent":32,"menu_order":2,"comment_status":"open","ping_status":"open","template":"","meta":[],"_links":{"self":[{"href":"https:\/\/www.zylannprods.fr\/fr\/wp-json\/wp\/v2\/pages\/86"}],"collection":[{"href":"https:\/\/www.zylannprods.fr\/fr\/wp-json\/wp\/v2\/pages"}],"about":[{"href":"https:\/\/www.zylannprods.fr\/fr\/wp-json\/wp\/v2\/types\/page"}],"author":[{"embeddable":true,"href":"https:\/\/www.zylannprods.fr\/fr\/wp-json\/wp\/v2\/users\/1"}],"replies":[{"embeddable":true,"href":"https:\/\/www.zylannprods.fr\/fr\/wp-json\/wp\/v2\/comments?post=86"}],"version-history":[{"count":3,"href":"https:\/\/www.zylannprods.fr\/fr\/wp-json\/wp\/v2\/pages\/86\/revisions"}],"predecessor-version":[{"id":88,"href":"https:\/\/www.zylannprods.fr\/fr\/wp-json\/wp\/v2\/pages\/86\/revisions\/88"}],"up":[{"embeddable":true,"href":"https:\/\/www.zylannprods.fr\/fr\/wp-json\/wp\/v2\/pages\/32"}],"wp:attachment":[{"href":"https:\/\/www.zylannprods.fr\/fr\/wp-json\/wp\/v2\/media?parent=86"}],"curies":[{"name":"wp","href":"https:\/\/api.w.org\/{rel}","templated":true}]}}