{"id":91,"date":"2013-03-03T19:08:40","date_gmt":"2013-03-03T18:08:40","guid":{"rendered":"http:\/\/www.zylannprods.fr\/fr\/?page_id=91"},"modified":"2013-03-03T19:09:43","modified_gmt":"2013-03-03T18:09:43","slug":"spammer","status":"publish","type":"page","link":"https:\/\/www.zylannprods.fr\/fr\/jeux-video\/game-jams-speed-dev\/spammer\/","title":{"rendered":"Spammer"},"content":{"rendered":"<p><img loading=\"lazy\" class=\"aligncenter\" alt=\"\" src=\"http:\/\/www.zylannprods.fr\/games\/spammer\/screenshot.jpg\" width=\"450\" height=\"337\" \/><\/p>\n<p>Spammer est un jeu r\u00e9alis\u00e9 en 72 heures pour le <a href=\"http:\/\/www.ludumdare.com\/compo\/\" target=\"_blank\">Ludum Dare 25<\/a> (2012). Dans ce jeu, vous incarnez un spammeur de boites e-mail. En fonction des int\u00e9r\u00eats de vos victimes, vous devez trouver des titres accrocheurs \u00e0 vos courriers afin qu&rsquo;ils soient ouverts et inondent leur destinataires de publicit\u00e9s et trucs pas nets !<\/p>\n<p>Spammer a gagn\u00e9 la 4\u00e8me place du concours en cat\u00e9gorie innovation.<\/p>\n<h2>Notre \u00e9quipe : NINJAM !<\/h2>\n<p><strong>Emmanuel Corno<\/strong> : game design et programmation,<br \/>\n<strong>Miryam Houali<\/strong> : graphismes,<br \/>\n<strong>Marc Gilleron (me)<\/strong> : programmation et sound design<\/p>\n<h2>Jouer !<\/h2>\n<p><a href=\"http:\/\/zylannprods.fr\/games\/spammer\/\">Dans le navigateur<\/a> (Java est requis).<\/p>\n<p>&nbsp;<\/p>\n","protected":false},"excerpt":{"rendered":"<p>Spammer est un jeu r\u00e9alis\u00e9 en 72 heures pour le Ludum Dare 25 (2012). Dans ce jeu, vous incarnez un<\/p>\n","protected":false},"author":1,"featured_media":0,"parent":32,"menu_order":3,"comment_status":"open","ping_status":"open","template":"","meta":[],"_links":{"self":[{"href":"https:\/\/www.zylannprods.fr\/fr\/wp-json\/wp\/v2\/pages\/91"}],"collection":[{"href":"https:\/\/www.zylannprods.fr\/fr\/wp-json\/wp\/v2\/pages"}],"about":[{"href":"https:\/\/www.zylannprods.fr\/fr\/wp-json\/wp\/v2\/types\/page"}],"author":[{"embeddable":true,"href":"https:\/\/www.zylannprods.fr\/fr\/wp-json\/wp\/v2\/users\/1"}],"replies":[{"embeddable":true,"href":"https:\/\/www.zylannprods.fr\/fr\/wp-json\/wp\/v2\/comments?post=91"}],"version-history":[{"count":5,"href":"https:\/\/www.zylannprods.fr\/fr\/wp-json\/wp\/v2\/pages\/91\/revisions"}],"predecessor-version":[{"id":96,"href":"https:\/\/www.zylannprods.fr\/fr\/wp-json\/wp\/v2\/pages\/91\/revisions\/96"}],"up":[{"embeddable":true,"href":"https:\/\/www.zylannprods.fr\/fr\/wp-json\/wp\/v2\/pages\/32"}],"wp:attachment":[{"href":"https:\/\/www.zylannprods.fr\/fr\/wp-json\/wp\/v2\/media?parent=91"}],"curies":[{"name":"wp","href":"https:\/\/api.w.org\/{rel}","templated":true}]}}