{"id":97,"date":"2013-03-03T19:17:52","date_gmt":"2013-03-03T18:17:52","guid":{"rendered":"http:\/\/www.zylannprods.fr\/fr\/?page_id=97"},"modified":"2013-03-03T19:18:23","modified_gmt":"2013-03-03T18:18:23","slug":"super-scroll","status":"publish","type":"page","link":"https:\/\/www.zylannprods.fr\/fr\/jeux-video\/game-jams-speed-dev\/super-scroll\/","title":{"rendered":"Super Scroll"},"content":{"rendered":"<p>Une nuit, je suis tomb\u00e9 sur un site de concours de cr\u00e9ation de jeu : <a href=\"http:\/\/0hgame.eu\/#\">0h game jam<\/a>.<\/p>\n<p style=\"text-align: center;\"><em>\u00ab\u00a0Mais comment c&rsquo;est possible de cr\u00e9er un jeu en 0h?\u00a0\u00bb<\/em><\/p>\n<p>C&rsquo;est l\u00e0 que j&rsquo;ai vu que ce concours arrive exactement pendant le changement d&rsquo;heure. Commencez \u00e0 d\u00e9velopper \u00e0 2h du matin, postez votre jeu \u00e0 2h59&#8230; et il est toujours 2h du matin. 0h, like a boss B) vous avez donc 1 heure pour cr\u00e9er un jeu, ou du moins une chose jouable.<\/p>\n<p><img loading=\"lazy\" class=\"aligncenter\" alt=\"SuperScroll screenshot\" src=\"http:\/\/www.zylannprods.fr\/en\/wp-content\/uploads\/2013\/01\/superscroll_screen_w300.png\" width=\"300\" height=\"301\" \/><\/p>\n<p>Alors j&rsquo;ai programm\u00e9 SuperScroll, un remake d&rsquo;un jeu de TI-82 en ajoutant des sons pourris \ud83d\ude00<\/p>\n<h2>Jouer \u00e0 ce truc<\/h2>\n<p>Toi aussi, sens la force du pixel et <a href=\"http:\/\/zylannprods.fr\/games\/superscroll\" target=\"_blank\">joue dans ton navigateur<\/a>, ou t\u00e9l\u00e9charge <a href=\"http:\/\/www.mediafire.com\/?jhbo8h39h8nvu64\" target=\"_blank\">une version pour Windows<\/a>, sans oublier d&rsquo;activer <a href=\"http:\/\/www.java.com\/\" target=\"_blank\">Java<\/a>.<\/p>\n","protected":false},"excerpt":{"rendered":"<p>Une nuit, je suis tomb\u00e9 sur un site de concours de cr\u00e9ation de jeu : 0h game jam. \u00ab\u00a0Mais comment<\/p>\n","protected":false},"author":1,"featured_media":0,"parent":32,"menu_order":4,"comment_status":"open","ping_status":"open","template":"","meta":[],"_links":{"self":[{"href":"https:\/\/www.zylannprods.fr\/fr\/wp-json\/wp\/v2\/pages\/97"}],"collection":[{"href":"https:\/\/www.zylannprods.fr\/fr\/wp-json\/wp\/v2\/pages"}],"about":[{"href":"https:\/\/www.zylannprods.fr\/fr\/wp-json\/wp\/v2\/types\/page"}],"author":[{"embeddable":true,"href":"https:\/\/www.zylannprods.fr\/fr\/wp-json\/wp\/v2\/users\/1"}],"replies":[{"embeddable":true,"href":"https:\/\/www.zylannprods.fr\/fr\/wp-json\/wp\/v2\/comments?post=97"}],"version-history":[{"count":3,"href":"https:\/\/www.zylannprods.fr\/fr\/wp-json\/wp\/v2\/pages\/97\/revisions"}],"predecessor-version":[{"id":99,"href":"https:\/\/www.zylannprods.fr\/fr\/wp-json\/wp\/v2\/pages\/97\/revisions\/99"}],"up":[{"embeddable":true,"href":"https:\/\/www.zylannprods.fr\/fr\/wp-json\/wp\/v2\/pages\/32"}],"wp:attachment":[{"href":"https:\/\/www.zylannprods.fr\/fr\/wp-json\/wp\/v2\/media?parent=97"}],"curies":[{"name":"wp","href":"https:\/\/api.w.org\/{rel}","templated":true}]}}